{"id":5095,"date":"2026-03-30T10:56:25","date_gmt":"2026-03-30T08:56:25","guid":{"rendered":"https:\/\/ontdekemmen.nl\/?page_id=5095"},"modified":"2026-03-30T10:56:26","modified_gmt":"2026-03-30T08:56:26","slug":"uebernachten","status":"publish","type":"page","link":"https:\/\/ontdekemmen.nl\/de\/uebernachten\/","title":{"rendered":"\u00dcbernachten"},"content":{"rendered":"\n<section class=\"pane pane--white\">\n    <div class=\"container\">\n        <div class=\"row g-4 g-lg-8 g-xl-15 justify-content-center\">\n                                                <div class=\"col-12 col-lg-8\">\n                        <div class=\"pane__text\">\n                            <h1 style=\"text-align: center\">\u00dcbernachten<\/h1>\n<p class=\"lead\" style=\"text-align: center\" data-start=\"68\" data-end=\"325\">In Emmen gibt es so viel zu sehen, zu tun und zu erleben, das solltest du nicht verpassen. Zum Gl\u00fcck muss das auch nicht alles an einem Tag sein, denn hier kannst du einfach etwas l\u00e4nger bleiben. Ob du Komfort, Natur oder Gem\u00fctlichkeit bevorzugst, in Emmen findest du immer einen Ort, der zu dir passt. Entscheide dich f\u00fcr den Luxus eines stimmungsvollen Hotels mit umfangreichem Fr\u00fchst\u00fcck oder genie\u00dfe die Ruhe auf einem Bauernhof mit Zelt oder Wohnwagen. Lieber ein Ferienpark voller Spielspa\u00df f\u00fcr die ganze Familie oder ein gem\u00fctliches Bed &amp; Breakfast, in dem du dich sofort wie zu Hause f\u00fchlst? Alles ist m\u00f6glich.       <\/p>\n<p class=\"h3\" style=\"text-align: center\">Wie auch immer du \u00fcbernachten m\u00f6chtest: In Emmen bist du herzlich willkommen. Entdecke es selbst. <\/p>\n                                                    <\/div>\n                    <\/div>\n                                    <\/div>\n    <\/div>\n<\/section>\n<section class=\"pane pane--white\">\n    <div class=\"container px-2\">\n        \t\t            <div class=\"mason\">\n                <div class=\"mason__grid mason__grid--6 mason__grid--short\">\n\n\t\t\t\t\t\t\t\t\t\t\t\t<div class=\"mason-img mason-img--1 bg-tertiary\">\n\t\t\t\t\t\t\t\t\t\t\t\t\t\t\t\t\t<a href=\"https:\/\/ontdekemmen.nl\/overnachten\/hotels-emmen\/\" target=\"_self\">\n\t\t\t\t\t\t\t\t\t\t\t\t\t\t\t\t\t\t\t\t\t\t\t\t\t<span class=\"title text-white h4 m-0\">Hotels in Emmen<\/span>\n\t\t\t\t\t\t\t\t\t\t\t\t\t\t\t\t\t\t\t\t\t\t\t\t\t<figure class=\"figure figure--author\">\n\t\t\t\t\t\t\t\t\t\t<img loading=\"lazy\" decoding=\"async\" width=\"1000\" height=\"667\" src=\"https:\/\/ontdekemmen.nl\/wp-content\/uploads\/2025\/07\/Van-der-Valk-Emmen-6.jpg\" class=\"image\" alt=\"Sfeerafbeelding Van der Valk Emmen\" \/>\t\t\t\t\t\t\t\t\t\t\t\t\t\t\t\t\t\t\t<\/figure>\n\t\t\t\t\t\t\t\t\t\t\t\t\t\t\t\t\t\t\t\t\t\t\t\t\t<\/a>\n\t\t\t\t\t\t\t\t\t\t\t\t\t\t\t<\/div>\n\t\t\t\t\t\t\t\t\t\t\t\t\t\t<div class=\"mason-img mason-img--2 bg-tertiary\">\n\t\t\t\t\t\t\t\t\t\t\t\t\t\t\t\t\t<a href=\"https:\/\/ontdekemmen.nl\/overnachten\/campings-emmen\/\" target=\"_self\">\n\t\t\t\t\t\t\t\t\t\t\t\t\t\t\t\t\t\t\t\t\t\t\t\t\t<span class=\"title text-white h4 m-0\">Campingpl\u00e4tze in Emmen<\/span>\n\t\t\t\t\t\t\t\t\t\t\t\t\t\t\t\t\t\t\t\t\t\t\t\t\t<figure class=\"figure figure--author\">\n\t\t\t\t\t\t\t\t\t\t<img loading=\"lazy\" decoding=\"async\" width=\"1000\" height=\"667\" src=\"https:\/\/ontdekemmen.nl\/wp-content\/uploads\/2025\/07\/Camping-Buitenland-5.jpg\" class=\"image\" alt=\"Sfeerafbeelding camping BuitenLand\" \/>\t\t\t\t\t\t\t\t\t\t\t\t\t\t\t\t\t\t\t<\/figure>\n\t\t\t\t\t\t\t\t\t\t\t\t\t\t\t\t\t\t\t\t\t\t\t\t\t<\/a>\n\t\t\t\t\t\t\t\t\t\t\t\t\t\t\t<\/div>\n\t\t\t\t\t\t\t\t\t\t\t\t\t\t<div class=\"mason-img mason-img--3 bg-tertiary\">\n\t\t\t\t\t\t\t\t\t\t\t\t\t\t\t\t\t<a href=\"https:\/\/ontdekemmen.nl\/natuurhuisjes-drenthe\/\" target=\"_self\">\n\t\t\t\t\t\t\t\t\t\t\t\t\t\t\t\t\t\t\t\t\t\t\t\t\t<span class=\"title text-white h4 m-0\">Naturh\u00e4uschen in Drenthe<\/span>\n\t\t\t\t\t\t\t\t\t\t\t\t\t\t\t\t\t\t\t\t\t\t\t\t\t<figure class=\"figure figure--author\">\n\t\t\t\t\t\t\t\t\t\t<img loading=\"lazy\" decoding=\"async\" width=\"1000\" height=\"667\" src=\"https:\/\/ontdekemmen.nl\/wp-content\/uploads\/2025\/07\/kampvuur-vakantie-gezin-scaled.jpg\" class=\"image\" alt=\"Sfeerafbeelding natuurhuisje Drenthe\" srcset=\"https:\/\/ontdekemmen.nl\/wp-content\/uploads\/2025\/07\/kampvuur-vakantie-gezin-scaled.jpg 2560w, https:\/\/ontdekemmen.nl\/wp-content\/uploads\/2025\/07\/kampvuur-vakantie-gezin-1024x683.jpg 1024w, https:\/\/ontdekemmen.nl\/wp-content\/uploads\/2025\/07\/kampvuur-vakantie-gezin-1920x1280.jpg 1920w, https:\/\/ontdekemmen.nl\/wp-content\/uploads\/2025\/07\/kampvuur-vakantie-gezin-640x427.jpg 640w, https:\/\/ontdekemmen.nl\/wp-content\/uploads\/2025\/07\/kampvuur-vakantie-gezin-768x512.jpg 768w, https:\/\/ontdekemmen.nl\/wp-content\/uploads\/2025\/07\/kampvuur-vakantie-gezin-1536x1024.jpg 1536w, https:\/\/ontdekemmen.nl\/wp-content\/uploads\/2025\/07\/kampvuur-vakantie-gezin-2048x1365.jpg 2048w, https:\/\/ontdekemmen.nl\/wp-content\/uploads\/2025\/07\/kampvuur-vakantie-gezin-70x47.jpg 70w, https:\/\/ontdekemmen.nl\/wp-content\/uploads\/2025\/07\/kampvuur-vakantie-gezin-1590x1060.jpg 1590w\" sizes=\"auto, (max-width: 1000px) 100vw, 1000px\" \/>\t\t\t\t\t\t\t\t\t\t\t\t\t\t\t\t\t\t\t<\/figure>\n\t\t\t\t\t\t\t\t\t\t\t\t\t\t\t\t\t\t\t\t\t\t\t\t\t<\/a>\n\t\t\t\t\t\t\t\t\t\t\t\t\t\t\t<\/div>\n\t\t\t\t\t\t\t\t\t\t\t\t\t\t<div class=\"mason-img mason-img--4 bg-tertiary\">\n\t\t\t\t\t\t\t\t\t\t\t\t\t\t\t\t\t<a href=\"https:\/\/ontdekemmen.nl\/overnachten\/overnachten-drenthe\/\" target=\"_self\">\n\t\t\t\t\t\t\t\t\t\t\t\t\t\t\t\t\t\t\t\t\t\t\t\t\t<span class=\"title text-white h4 m-0\">\u00dcbernachten in Drenthe<\/span>\n\t\t\t\t\t\t\t\t\t\t\t\t\t\t\t\t\t\t\t\t\t\t\t\t\t<figure class=\"figure figure--author\">\n\t\t\t\t\t\t\t\t\t\t<img loading=\"lazy\" decoding=\"async\" width=\"1000\" height=\"667\" src=\"https:\/\/ontdekemmen.nl\/wp-content\/uploads\/2025\/07\/kamperen-drenthe-1-scaled.jpg\" class=\"image\" alt=\"Sfeerafbeelding kamperen in Drenthe\" srcset=\"https:\/\/ontdekemmen.nl\/wp-content\/uploads\/2025\/07\/kamperen-drenthe-1-scaled.jpg 2560w, https:\/\/ontdekemmen.nl\/wp-content\/uploads\/2025\/07\/kamperen-drenthe-1-1024x683.jpg 1024w, https:\/\/ontdekemmen.nl\/wp-content\/uploads\/2025\/07\/kamperen-drenthe-1-1920x1280.jpg 1920w, https:\/\/ontdekemmen.nl\/wp-content\/uploads\/2025\/07\/kamperen-drenthe-1-640x427.jpg 640w, https:\/\/ontdekemmen.nl\/wp-content\/uploads\/2025\/07\/kamperen-drenthe-1-768x512.jpg 768w, https:\/\/ontdekemmen.nl\/wp-content\/uploads\/2025\/07\/kamperen-drenthe-1-1536x1024.jpg 1536w, https:\/\/ontdekemmen.nl\/wp-content\/uploads\/2025\/07\/kamperen-drenthe-1-2048x1365.jpg 2048w, https:\/\/ontdekemmen.nl\/wp-content\/uploads\/2025\/07\/kamperen-drenthe-1-70x47.jpg 70w, https:\/\/ontdekemmen.nl\/wp-content\/uploads\/2025\/07\/kamperen-drenthe-1-1590x1060.jpg 1590w\" sizes=\"auto, (max-width: 1000px) 100vw, 1000px\" \/>\t\t\t\t\t\t\t\t\t\t\t\t\t\t\t\t\t\t\t<\/figure>\n\t\t\t\t\t\t\t\t\t\t\t\t\t\t\t\t\t\t\t\t\t\t\t\t\t<\/a>\n\t\t\t\t\t\t\t\t\t\t\t\t\t\t\t<\/div>\n\t\t\t\t\t\t\t\t\t\t\t\t\t\t<div class=\"mason-img mason-img--5 bg-tertiary\">\n\t\t\t\t\t\t\t\t\t\t\t\t\t\t\t\t\t<a href=\"https:\/\/ontdekemmen.nl\/overnachten\/bed-breakfast-emmen\/\" target=\"_self\">\n\t\t\t\t\t\t\t\t\t\t\t\t\t\t\t\t\t\t\t\t\t\t\t\t\t<span class=\"title text-white h4 m-0\">Bed &amp; Breakfast Emmen<\/span>\n\t\t\t\t\t\t\t\t\t\t\t\t\t\t\t\t\t\t\t\t\t\t\t\t\t<figure class=\"figure figure--author\">\n\t\t\t\t\t\t\t\t\t\t<img loading=\"lazy\" decoding=\"async\" width=\"1000\" height=\"661\" src=\"https:\/\/ontdekemmen.nl\/wp-content\/uploads\/2025\/07\/BB-Villa-Emmen-1.jpeg\" class=\"image\" alt=\"Sfeerafbeelding voorkant Villa Emmen\" \/>\t\t\t\t\t\t\t\t\t\t\t\t\t\t\t\t\t\t\t<\/figure>\n\t\t\t\t\t\t\t\t\t\t\t\t\t\t\t\t\t\t\t\t\t\t\t\t\t<\/a>\n\t\t\t\t\t\t\t\t\t\t\t\t\t\t\t<\/div>\n\t\t\t\t\t\t\t\t\t\t\t\t\t\t<div class=\"mason-img mason-img--6 bg-tertiary\">\n\t\t\t\t\t\t\t\t\t\t\t\t\t\t\t\t\t<a href=\"https:\/\/ontdekemmen.nl\/overnachten\/vakantiepark-emmen\/\" target=\"_self\">\n\t\t\t\t\t\t\t\t\t\t\t\t\t\t\t\t\t\t\t\t\t\t\t\t\t<span class=\"title text-white h4 m-0\">Ferienparks<\/span>\n\t\t\t\t\t\t\t\t\t\t\t\t\t\t\t\t\t\t\t\t\t\t\t\t\t<figure class=\"figure figure--author\">\n\t\t\t\t\t\t\t\t\t\t<img loading=\"lazy\" decoding=\"async\" width=\"1000\" height=\"667\" src=\"https:\/\/ontdekemmen.nl\/wp-content\/uploads\/2025\/07\/Parc-Sandur-3-scaled.jpg\" class=\"image\" alt=\"Sfeerafbeelding\" \/>\t\t\t\t\t\t\t\t\t\t\t\t\t\t\t\t\t\t\t<\/figure>\n\t\t\t\t\t\t\t\t\t\t\t\t\t\t\t\t\t\t\t\t\t\t\t\t\t<\/a>\n\t\t\t\t\t\t\t\t\t\t\t\t\t\t\t<\/div>\n\t\t\t\t\t\t\t                <\/div>\n            <\/div>\n            <\/div>\n<\/section>\n","protected":false},"excerpt":{"rendered":"","protected":false},"author":2,"featured_media":0,"parent":0,"menu_order":0,"comment_status":"closed","ping_status":"closed","template":"","meta":{"_acf_changed":false,"footnotes":""},"class_list":["post-5095","page","type-page","status-publish","hentry"],"acf":[],"yoast_head":"<!-- This site is optimized with the Yoast SEO plugin v25.9 - https:\/\/yoast.com\/wordpress\/plugins\/seo\/ -->\n<title>\u00dcbernachten - Ontdek Emmen<\/title>\n<meta name=\"description\" content=\"\u00dcbernachten in Emmen: Hotels, Ferienparks und gem\u00fctliche Unterk\u00fcnfte f\u00fcr jeden Geschmack.\" \/>\n<meta name=\"robots\" content=\"index, follow, max-snippet:-1, max-image-preview:large, max-video-preview:-1\" \/>\n<link rel=\"canonical\" href=\"https:\/\/ontdekemmen.nl\/de\/uebernachten\/\" \/>\n<meta property=\"og:locale\" content=\"de_DE\" \/>\n<meta property=\"og:type\" content=\"article\" \/>\n<meta property=\"og:title\" content=\"\u00dcbernachten - Ontdek Emmen\" \/>\n<meta property=\"og:description\" content=\"\u00dcbernachten in Emmen: Hotels, Ferienparks und gem\u00fctliche Unterk\u00fcnfte f\u00fcr jeden Geschmack.\" \/>\n<meta property=\"og:url\" content=\"https:\/\/ontdekemmen.nl\/de\/uebernachten\/\" \/>\n<meta property=\"og:site_name\" content=\"Ontdek Emmen\" \/>\n<meta property=\"article:publisher\" content=\"https:\/\/www.facebook.com\/ontdekemmen2\/?locale=nl_NL\" \/>\n<meta property=\"article:modified_time\" content=\"2026-03-30T08:56:26+00:00\" \/>\n<meta name=\"twitter:card\" content=\"summary_large_image\" \/>\n<!-- \/ Yoast SEO plugin. -->","yoast_head_json":{"title":"\u00dcbernachten - Ontdek Emmen","description":"\u00dcbernachten in Emmen: Hotels, Ferienparks und gem\u00fctliche Unterk\u00fcnfte f\u00fcr jeden Geschmack.","robots":{"index":"index","follow":"follow","max-snippet":"max-snippet:-1","max-image-preview":"max-image-preview:large","max-video-preview":"max-video-preview:-1"},"canonical":"https:\/\/ontdekemmen.nl\/de\/uebernachten\/","og_locale":"de_DE","og_type":"article","og_title":"\u00dcbernachten - Ontdek Emmen","og_description":"\u00dcbernachten in Emmen: Hotels, Ferienparks und gem\u00fctliche Unterk\u00fcnfte f\u00fcr jeden Geschmack.","og_url":"https:\/\/ontdekemmen.nl\/de\/uebernachten\/","og_site_name":"Ontdek Emmen","article_publisher":"https:\/\/www.facebook.com\/ontdekemmen2\/?locale=nl_NL","article_modified_time":"2026-03-30T08:56:26+00:00","twitter_card":"summary_large_image","schema":{"@context":"https:\/\/schema.org","@graph":[{"@type":"WebPage","@id":"https:\/\/ontdekemmen.nl\/de\/uebernachten\/","url":"https:\/\/ontdekemmen.nl\/de\/uebernachten\/","name":"\u00dcbernachten - Ontdek Emmen","isPartOf":{"@id":"https:\/\/ontdekemmen.nl\/#website"},"datePublished":"2026-03-30T08:56:25+00:00","dateModified":"2026-03-30T08:56:26+00:00","description":"\u00dcbernachten in Emmen: Hotels, Ferienparks und gem\u00fctliche Unterk\u00fcnfte f\u00fcr jeden Geschmack.","breadcrumb":{"@id":"https:\/\/ontdekemmen.nl\/de\/uebernachten\/#breadcrumb"},"inLanguage":"de","potentialAction":[{"@type":"ReadAction","target":["https:\/\/ontdekemmen.nl\/de\/uebernachten\/"]}]},{"@type":"BreadcrumbList","@id":"https:\/\/ontdekemmen.nl\/de\/uebernachten\/#breadcrumb","itemListElement":[{"@type":"ListItem","position":1,"name":"Home","item":"https:\/\/ontdekemmen.nl\/de\/"},{"@type":"ListItem","position":2,"name":"\u00dcbernachten"}]},{"@type":"WebSite","@id":"https:\/\/ontdekemmen.nl\/#website","url":"https:\/\/ontdekemmen.nl\/","name":"Ontdek Emmen","description":"","potentialAction":[{"@type":"SearchAction","target":{"@type":"EntryPoint","urlTemplate":"https:\/\/ontdekemmen.nl\/?s={search_term_string}"},"query-input":{"@type":"PropertyValueSpecification","valueRequired":true,"valueName":"search_term_string"}}],"inLanguage":"de"}]}},"_links":{"self":[{"href":"https:\/\/ontdekemmen.nl\/de\/wp-json\/wp\/v2\/pages\/5095","targetHints":{"allow":["GET"]}}],"collection":[{"href":"https:\/\/ontdekemmen.nl\/de\/wp-json\/wp\/v2\/pages"}],"about":[{"href":"https:\/\/ontdekemmen.nl\/de\/wp-json\/wp\/v2\/types\/page"}],"author":[{"embeddable":true,"href":"https:\/\/ontdekemmen.nl\/de\/wp-json\/wp\/v2\/users\/2"}],"replies":[{"embeddable":true,"href":"https:\/\/ontdekemmen.nl\/de\/wp-json\/wp\/v2\/comments?post=5095"}],"version-history":[{"count":1,"href":"https:\/\/ontdekemmen.nl\/de\/wp-json\/wp\/v2\/pages\/5095\/revisions"}],"predecessor-version":[{"id":5096,"href":"https:\/\/ontdekemmen.nl\/de\/wp-json\/wp\/v2\/pages\/5095\/revisions\/5096"}],"wp:attachment":[{"href":"https:\/\/ontdekemmen.nl\/de\/wp-json\/wp\/v2\/media?parent=5095"}],"curies":[{"name":"wp","href":"https:\/\/api.w.org\/{rel}","templated":true}]}}