{"id":5056,"date":"2026-03-26T09:03:07","date_gmt":"2026-03-26T08:03:07","guid":{"rendered":"https:\/\/ontdekemmen.nl\/?page_id=5056"},"modified":"2026-03-26T09:03:42","modified_gmt":"2026-03-26T08:03:42","slug":"kunst-und-kultur","status":"publish","type":"page","link":"https:\/\/ontdekemmen.nl\/de\/kunst-und-kultur\/","title":{"rendered":"Kunst und kultur"},"content":{"rendered":"\n<section class=\"pane pane--wei\u00df\">\n    <div class=\"container\">\n        <div class=\"row g-4 g-lg-8 g-xl-15 justify-content-center\">\n                                                <div class=\"col-12 col-lg-8\">\n                        <div class=\"pane__text\">\n                            <h1 style=\"text-align: center\">Kunst und Kultur in Emmen: Geschichten, die ber\u00fchren<\/h1>\n<p class=\"lead\" style=\"text-align: center\">In Emmen gehen Kunst und Kultur \u00fcber Mauern und B\u00fchnen hinaus. Hier entdecken Sie eine Region, in der Landschaft, D\u00f6rfer und Vergangenheit gemeinsam eine Geschichte erz\u00e4hlen. Emmen besteht gr\u00f6\u00dftenteils aus D\u00f6rfern mit einer reichen Moorgeschichte. Der Moorkanal, das Moor Bargerveen und die charmanten D\u00f6rfer rund um sie herum erz\u00e4hlen noch heute von dieser besonderen Vergangenheit. Diese Orte atmen immer noch die Atmosph\u00e4re der Zeit, als Vincent van Gogh hier lebte und arbeitete.   <\/p>\n<p style=\"text-align: center\">Besuchen Sie Galerien und Museen, in denen Sie wundersch\u00f6ne Kunstwerke entdecken k\u00f6nnen, lassen Sie sich vom kreativen Rensenpark begeistern oder folgen Sie den Spuren der Vergangenheit entlang jahrhundertealter H\u00fcnengr\u00e4ber auf dem Sandr\u00fccken Hondsrug. Ob Sie zeitgen\u00f6ssische Kunst, Geschichte oder die stille Sch\u00f6nheit der Natur bevorzugen, Emmen bietet das alles.  <\/p>\n                                                    <\/div>\n                    <\/div>\n                                    <\/div>\n    <\/div>\n<\/section>\n\n<section class=\"pane pane--white\">\n    <div class=\"container\">\n\t\t\t\t\t<div class=\"row g-4 g-sm-2 g-lg-6\">\n\t\t\t\n\t\t\t\t<div class=\"col-12 col-sm-4\">\n\t\t\t\t\t<article class=\"card card--post card-link\">\n\t\t\t\t\t\t\t\t\t\t\t\t\t\t\t\t\t\t\t\t<img decoding=\"async\" width=\"670\" height=\"447\" src=\"https:\/\/ontdekemmen.nl\/wp-content\/uploads\/2025\/07\/Atlas-Theater-1-Richard-Broekhuijzen-scaled.jpg\" class=\"card-img card-img--card\" alt=\"Sfeerafbeelding Atlas Theater Emmen\" loading=\"lazy\" \/>\t\t\t\t\t\t\t\t\t\t\t\t<div class=\"card-body\">\n\t\t\t\t\t\t\t\t\t\t\t\t\t\t\t<h2 class=\"card-title\">besuchen Sie das Theater<\/h2>\n\t\t\t\t\t\t\t\t\t\t\t\t\t\t\t\t\t\t\t\t<\/div>\n\t\t\t\t\t\t\t\t\t\t\t\t\t<a class=\"stretched-link\" href=\"https:\/\/ontdekemmen.nl\/activiteiten\/atlas-theater-emmen\/\" target=\"_self\" title=\"Go to link besuchen Sie das Theater\"><\/a>\n\t\t\t\t\t\t\t\t\t\t\t<\/article>\n\t\t\t\t<\/div>\n\n\t\t\t\n\t\t\t\t<div class=\"col-12 col-sm-4\">\n\t\t\t\t\t<article class=\"card card--post card-link\">\n\t\t\t\t\t\t\t\t\t\t\t\t\t\t\t\t\t\t\t\t<img decoding=\"async\" width=\"670\" height=\"223\" src=\"https:\/\/ontdekemmen.nl\/wp-content\/uploads\/2025\/08\/Veenpark.png\" class=\"card-img card-img--card\" alt=\"Sfeerafbeelding Veenpark\" loading=\"lazy\" \/>\t\t\t\t\t\t\t\t\t\t\t\t<div class=\"card-body\">\n\t\t\t\t\t\t\t\t\t\t\t\t\t\t\t<h2 class=\"card-title\">Entdecken Sie Museen<\/h2>\n\t\t\t\t\t\t\t\t\t\t\t\t\t\t\t\t\t\t\t\t<\/div>\n\t\t\t\t\t\t\t\t\t\t\t\t\t<a class=\"stretched-link\" href=\"https:\/\/ontdekemmen.nl\/activiteiten\/musea-emmen\/\" target=\"_self\" title=\"Go to link Entdecken Sie Museen\"><\/a>\n\t\t\t\t\t\t\t\t\t\t\t<\/article>\n\t\t\t\t<\/div>\n\n\t\t\t\n\t\t\t\t<div class=\"col-12 col-sm-4\">\n\t\t\t\t\t<article class=\"card card--post card-link\">\n\t\t\t\t\t\t\t\t\t\t\t\t\t\t\t\t\t\t\t\t<img decoding=\"async\" width=\"670\" height=\"560\" src=\"https:\/\/ontdekemmen.nl\/wp-content\/uploads\/2025\/09\/Galerie-bij-Leth-1-670x560.jpg\" class=\"card-img card-img--card\" alt=\"Sfeerbeeld Galerie bij Leth\" loading=\"lazy\" \/>\t\t\t\t\t\t\t\t\t\t\t\t<div class=\"card-body\">\n\t\t\t\t\t\t\t\t\t\t\t\t\t\t\t<h2 class=\"card-title\">Galerien und Ausstellungen<\/h2>\n\t\t\t\t\t\t\t\t\t\t\t\t\t\t\t\t\t\t\t\t<\/div>\n\t\t\t\t\t\t\t\t\t\t\t\t\t<a class=\"stretched-link\" href=\"https:\/\/ontdekemmen.nl\/kunst-cultuur\/galerie-expositie-emmen\/\" target=\"_self\" title=\"Go to link Galerien und Ausstellungen\"><\/a>\n\t\t\t\t\t\t\t\t\t\t\t<\/article>\n\t\t\t\t<\/div>\n\n\t\t\t\t\t<\/div>\n\t\t    <\/div>\n<\/section>\n","protected":false},"excerpt":{"rendered":"","protected":false},"author":2,"featured_media":0,"parent":0,"menu_order":0,"comment_status":"closed","ping_status":"closed","template":"","meta":{"_acf_changed":false,"footnotes":""},"class_list":["post-5056","page","type-page","status-publish","hentry"],"acf":[],"yoast_head":"<!-- This site is optimized with the Yoast SEO plugin v25.9 - https:\/\/yoast.com\/wordpress\/plugins\/seo\/ -->\n<title>Kunst und kultur - Ontdek Emmen<\/title>\n<meta name=\"description\" content=\"Kunst und Kultur in Emmen: Entdecken Sie Museen, Galerien, historische Orte und kreative Highlights. Erleben Sie Geschichten, Kunst und die besondere Atmosph\u00e4re der Region.\" \/>\n<meta name=\"robots\" content=\"index, follow, max-snippet:-1, max-image-preview:large, max-video-preview:-1\" \/>\n<link rel=\"canonical\" href=\"https:\/\/ontdekemmen.nl\/de\/kunst-und-kultur\/\" \/>\n<meta property=\"og:locale\" content=\"de_DE\" \/>\n<meta property=\"og:type\" content=\"article\" \/>\n<meta property=\"og:title\" content=\"Kunst und kultur - Ontdek Emmen\" \/>\n<meta property=\"og:description\" content=\"Kunst und Kultur in Emmen: Entdecken Sie Museen, Galerien, historische Orte und kreative Highlights. Erleben Sie Geschichten, Kunst und die besondere Atmosph\u00e4re der Region.\" \/>\n<meta property=\"og:url\" content=\"https:\/\/ontdekemmen.nl\/de\/kunst-und-kultur\/\" \/>\n<meta property=\"og:site_name\" content=\"Ontdek Emmen\" \/>\n<meta property=\"article:publisher\" content=\"https:\/\/www.facebook.com\/ontdekemmen2\/?locale=nl_NL\" \/>\n<meta property=\"article:modified_time\" content=\"2026-03-26T08:03:42+00:00\" \/>\n<meta name=\"twitter:card\" content=\"summary_large_image\" \/>\n<!-- \/ Yoast SEO plugin. -->","yoast_head_json":{"title":"Kunst und kultur - Ontdek Emmen","description":"Kunst und Kultur in Emmen: Entdecken Sie Museen, Galerien, historische Orte und kreative Highlights. Erleben Sie Geschichten, Kunst und die besondere Atmosph\u00e4re der Region.","robots":{"index":"index","follow":"follow","max-snippet":"max-snippet:-1","max-image-preview":"max-image-preview:large","max-video-preview":"max-video-preview:-1"},"canonical":"https:\/\/ontdekemmen.nl\/de\/kunst-und-kultur\/","og_locale":"de_DE","og_type":"article","og_title":"Kunst und kultur - Ontdek Emmen","og_description":"Kunst und Kultur in Emmen: Entdecken Sie Museen, Galerien, historische Orte und kreative Highlights. Erleben Sie Geschichten, Kunst und die besondere Atmosph\u00e4re der Region.","og_url":"https:\/\/ontdekemmen.nl\/de\/kunst-und-kultur\/","og_site_name":"Ontdek Emmen","article_publisher":"https:\/\/www.facebook.com\/ontdekemmen2\/?locale=nl_NL","article_modified_time":"2026-03-26T08:03:42+00:00","twitter_card":"summary_large_image","schema":{"@context":"https:\/\/schema.org","@graph":[{"@type":"WebPage","@id":"https:\/\/ontdekemmen.nl\/de\/kunst-und-kultur\/","url":"https:\/\/ontdekemmen.nl\/de\/kunst-und-kultur\/","name":"Kunst und kultur - Ontdek Emmen","isPartOf":{"@id":"https:\/\/ontdekemmen.nl\/#website"},"datePublished":"2026-03-26T08:03:07+00:00","dateModified":"2026-03-26T08:03:42+00:00","description":"Kunst und Kultur in Emmen: Entdecken Sie Museen, Galerien, historische Orte und kreative Highlights. Erleben Sie Geschichten, Kunst und die besondere Atmosph\u00e4re der Region.","breadcrumb":{"@id":"https:\/\/ontdekemmen.nl\/de\/kunst-und-kultur\/#breadcrumb"},"inLanguage":"de","potentialAction":[{"@type":"ReadAction","target":["https:\/\/ontdekemmen.nl\/de\/kunst-und-kultur\/"]}]},{"@type":"BreadcrumbList","@id":"https:\/\/ontdekemmen.nl\/de\/kunst-und-kultur\/#breadcrumb","itemListElement":[{"@type":"ListItem","position":1,"name":"Home","item":"https:\/\/ontdekemmen.nl\/de\/"},{"@type":"ListItem","position":2,"name":"Kunst und kultur"}]},{"@type":"WebSite","@id":"https:\/\/ontdekemmen.nl\/#website","url":"https:\/\/ontdekemmen.nl\/","name":"Ontdek Emmen","description":"","potentialAction":[{"@type":"SearchAction","target":{"@type":"EntryPoint","urlTemplate":"https:\/\/ontdekemmen.nl\/?s={search_term_string}"},"query-input":{"@type":"PropertyValueSpecification","valueRequired":true,"valueName":"search_term_string"}}],"inLanguage":"de"}]}},"_links":{"self":[{"href":"https:\/\/ontdekemmen.nl\/de\/wp-json\/wp\/v2\/pages\/5056","targetHints":{"allow":["GET"]}}],"collection":[{"href":"https:\/\/ontdekemmen.nl\/de\/wp-json\/wp\/v2\/pages"}],"about":[{"href":"https:\/\/ontdekemmen.nl\/de\/wp-json\/wp\/v2\/types\/page"}],"author":[{"embeddable":true,"href":"https:\/\/ontdekemmen.nl\/de\/wp-json\/wp\/v2\/users\/2"}],"replies":[{"embeddable":true,"href":"https:\/\/ontdekemmen.nl\/de\/wp-json\/wp\/v2\/comments?post=5056"}],"version-history":[{"count":1,"href":"https:\/\/ontdekemmen.nl\/de\/wp-json\/wp\/v2\/pages\/5056\/revisions"}],"predecessor-version":[{"id":5057,"href":"https:\/\/ontdekemmen.nl\/de\/wp-json\/wp\/v2\/pages\/5056\/revisions\/5057"}],"wp:attachment":[{"href":"https:\/\/ontdekemmen.nl\/de\/wp-json\/wp\/v2\/media?parent=5056"}],"curies":[{"name":"wp","href":"https:\/\/api.w.org\/{rel}","templated":true}]}}