{"id":5029,"date":"2026-03-26T08:41:39","date_gmt":"2026-03-26T07:41:39","guid":{"rendered":"https:\/\/ontdekemmen.nl\/?page_id=5029"},"modified":"2026-03-26T08:42:23","modified_gmt":"2026-03-26T07:42:23","slug":"shopping-und-markte","status":"publish","type":"page","link":"https:\/\/ontdekemmen.nl\/de\/shopping-und-markte\/","title":{"rendered":"Shopping und m\u00e4rkte"},"content":{"rendered":"\n<section class=\"pane pane--wei\u00df\">\n    <div class=\"container\">\n        <div class=\"row g-4 g-lg-8 g-xl-15 justify-content-center\">\n                                                <div class=\"col-12 col-lg-8\">\n                        <div class=\"pane__text\">\n                            <h1 style=\"text-align: center\" data-start=\"930\" data-end=\"1009\">Shopping und M\u00e4rkte in Emmen<\/h1>\n<p class=\"lead\" style=\"text-align: center\" data-start=\"1011\" data-end=\"1278\">Emmen \u00fcberrascht. Sie denken wohl an Natur, Ruhe und Raum, und das ist richtig. Aber wussten Sie, dass Sie hier auch herrlich shoppen k\u00f6nnen? Keine \u00fcberf\u00fcllten Stra\u00dfen und hektischen Menschenmassen, sondern \u00fcbersichtliche Einkaufsgebiete, freundliche Unternehmer und eine Atmosph\u00e4re, die gl\u00fccklich macht. Ob Sie einen Nachmittag zum Shoppen im Zentrum verbringen, auf dem Markt nach etwas Besonderem suchen oder durch eine Dorfstra\u00dfe voller \u00dcberraschungen schlendern m\u00f6chten, Shopping in Emmen ist entspannend, mit vielen M\u00f6glichkeiten.     <\/p>\n<p style=\"text-align: center\" data-pm-slice=\"1 1 []\">\n                                                    <\/div>\n                    <\/div>\n                                    <\/div>\n    <\/div>\n<\/section>\n<section class=\"pane pane--white\">\n    <div class=\"container px-2\">\n        \t\t            <div class=\"mason\">\n                <div class=\"mason__grid mason__grid--3 \">\n\n\t\t\t\t\t\t\t\t\t\t\t\t<div class=\"mason-img mason-img--1 bg-tertiary\">\n\t\t\t\t\t\t\t\t\t\t\t\t\t\t\t\t\t<a href=\"https:\/\/ontdekemmen.nl\/centrum-emmen\/\" target=\"_self\">\n\t\t\t\t\t\t\t\t\t\t\t\t\t\t\t\t\t\t\t\t\t\t\t\t\t<span class=\"title text-white h4 m-0\">Emmen-Zentrum<\/span>\n\t\t\t\t\t\t\t\t\t\t\t\t\t\t\t\t\t\t\t\t\t\t\t\t\t<figure class=\"figure figure--author\">\n\t\t\t\t\t\t\t\t\t\t<img loading=\"lazy\" decoding=\"async\" width=\"1000\" height=\"667\" src=\"https:\/\/ontdekemmen.nl\/wp-content\/uploads\/2025\/07\/Emmen-Centrum-24-scaled.jpg\" class=\"image\" alt=\"Sfeerafbeelding Emmen centrum\" \/>\t\t\t\t\t\t\t\t\t\t\t\t\t\t\t\t\t\t\t<\/figure>\n\t\t\t\t\t\t\t\t\t\t\t\t\t\t\t\t\t\t\t\t\t\t\t\t\t<\/a>\n\t\t\t\t\t\t\t\t\t\t\t\t\t\t\t<\/div>\n\t\t\t\t\t\t\t\t\t\t\t\t\t\t<div class=\"mason-img mason-img--2 bg-tertiary\">\n\t\t\t\t\t\t\t\t\t\t\t\t\t\t\t\t\t<a href=\"https:\/\/ontdekemmen.nl\/markt-emmen\/\" target=\"_self\">\n\t\t\t\t\t\t\t\t\t\t\t\t\t\t\t\t\t\t\t\t\t\t\t\t\t<span class=\"title text-white h4 m-0\">Der Markt in Emmen<\/span>\n\t\t\t\t\t\t\t\t\t\t\t\t\t\t\t\t\t\t\t\t\t\t\t\t\t<figure class=\"figure figure--author\">\n\t\t\t\t\t\t\t\t\t\t<img loading=\"lazy\" decoding=\"async\" width=\"1000\" height=\"667\" src=\"https:\/\/ontdekemmen.nl\/wp-content\/uploads\/2025\/08\/Vlindermarkt-3-scaled.jpg\" class=\"image\" alt=\"Sfeerafbeelding Vlindermarkt Emmen\" \/>\t\t\t\t\t\t\t\t\t\t\t\t\t\t\t\t\t\t\t<\/figure>\n\t\t\t\t\t\t\t\t\t\t\t\t\t\t\t\t\t\t\t\t\t\t\t\t\t<\/a>\n\t\t\t\t\t\t\t\t\t\t\t\t\t\t\t<\/div>\n\t\t\t\t\t\t\t\t\t\t\t\t\t\t<div class=\"mason-img mason-img--3 bg-tertiary\">\n\t\t\t\t\t\t\t\t\t\t\t\t\t\t\t\t\t<a href=\"https:\/\/ontdekemmen.nl\/praktisch\/openingstijden-winkels-emmen\/\" target=\"_self\">\n\t\t\t\t\t\t\t\t\t\t\t\t\t\t\t\t\t\t\t\t\t\t\t\t\t<span class=\"title text-white h4 m-0\">\u00d6ffnungszeiten und verkaufsoffene Sonntage<\/span>\n\t\t\t\t\t\t\t\t\t\t\t\t\t\t\t\t\t\t\t\t\t\t\t\t\t<figure class=\"figure figure--author\">\n\t\t\t\t\t\t\t\t\t\t<img loading=\"lazy\" decoding=\"async\" width=\"1000\" height=\"667\" src=\"https:\/\/ontdekemmen.nl\/wp-content\/uploads\/2025\/07\/Winkelen-en-markten-13-scaled.jpg\" class=\"image\" alt=\"Sfeerafbeelding winkelen en markten\" \/>\t\t\t\t\t\t\t\t\t\t\t\t\t\t\t\t\t\t\t<\/figure>\n\t\t\t\t\t\t\t\t\t\t\t\t\t\t\t\t\t\t\t\t\t\t\t\t\t<\/a>\n\t\t\t\t\t\t\t\t\t\t\t\t\t\t\t<\/div>\n\t\t\t\t\t\t\t                <\/div>\n            <\/div>\n            <\/div>\n<\/section>\n\n<section class=\"pane pane--wei\u00df\">\n    <div class=\"container\">\n        <div class=\"row g-4 g-lg-8 g-xl-15 justify-content-center\">\n                                                <div class=\"col-12 col-lg-8\">\n                        <div class=\"pane__text\">\n                            <h2 data-start=\"1485\" data-end=\"1548\"><img loading=\"lazy\" decoding=\"async\" src=\"https:\/\/ontdekemmen.nl\/wp-content\/themes\/ontdek-emmen\/assets\/img\/blocks-title.svg\" class=\"text-figure me-1 me-lg-2 mt-n1\" width=\"24\" height=\"18\" alt=\"\" \/> <span>Shoppen in Emmen: von gro\u00dfen Ketten bis hin zu lokalen Boutiquen<\/span><\/h2>\n<p data-pm-slice=\"1 1 []\">Haben Sie Lust auf einen Shoppingtag? In Emmen k\u00f6nnen Sie von gro\u00dfen Ketten direkt zu \u00fcberraschenden Boutiquen spazieren. Im Einkaufszentrum De Weiert finden Sie bekannte Namen wie The Sting, Kruidvat und Costes. Anschlie\u00dfend k\u00f6nnen Sie zur Stra\u00dfe Hoofdstraat und dem Platz Noorderplein spazieren, wo Sie kleine, kreative Gesch\u00e4fte und Pop-up-Stores finden.   <\/p>\n<p data-pm-slice=\"1 1 []\">Treten Sie ein, schauen Sie sich um und lassen Sie sich \u00fcberraschen. Alles ist leicht zu Fu\u00df erreichbar, und unterwegs k\u00f6nnen Sie einen Kaffee oder einen Lunch auf einer sonnigen Terrasse genie\u00dfen. <\/p>\n                                                    <\/div>\n                    <\/div>\n                                    <\/div>\n    <\/div>\n<\/section>\n\n<section class=\"pane pane--wei\u00df\">\n    <div class=\"container\">\n        <div class=\"row g-4 g-lg-8 g-xl-15 justify-content-center\">\n                                                <div class=\"col-12 col-lg-8\">\n                        <div class=\"pane__text\">\n                            <h2 data-start=\"2690\" data-end=\"2725\"><img loading=\"lazy\" decoding=\"async\" src=\"https:\/\/ontdekemmen.nl\/wp-content\/themes\/ontdek-emmen\/assets\/img\/blocks-title.svg\" class=\"text-figure me-1 me-lg-2 mt-n1\" width=\"24\" height=\"18\" alt=\"\" \/> <span>Gesch\u00e4fte au\u00dferhalb des Zentrums von Emmen<\/span><\/h2>\n<p data-pm-slice=\"1 1 []\">Emmen hat mehr als nur das Zentrum zu bieten. Auch hier k\u00f6nnen Sie angenehm shoppen: <\/p>\n<h3 data-start=\"2823\" data-end=\"3029\">Klazienaveen<\/h3>\n<p data-start=\"2823\" data-end=\"3029\">Mit \u00fcber 140 Gesch\u00e4ften, kostenlosen Parkpl\u00e4tzen und einem lebendigen Zentrum ist Shoppen hier ein wahres Vergn\u00fcgen. Regelm\u00e4\u00dfig werden M\u00e4rkte und Veranstaltungen organisiert. <\/p>\n<h3 data-start=\"3031\" data-end=\"3257\">Nieuw-Amsterdam\/Veenoord<\/h3>\n<p data-start=\"3031\" data-end=\"3257\">Die Einkaufsstra\u00dfe am renovierten Kai kombiniert Shopping und Atmosph\u00e4re. Nehmen Sie Platz auf einer Terrasse und genie\u00dfen Sie den Blick aufs Wasser. Im Sommer fahren Boote vorbei, w\u00e4hrend Sie ein Eis oder eine Tasse Kaffee genie\u00dfen.  <\/p>\n<h3 data-start=\"3259\" data-end=\"3383\">Emmerhout en Angelslo<\/h3>\n<p data-pm-slice=\"1 1 []\">Kompakt und praktisch, mit allem f\u00fcr die t\u00e4glichen Eink\u00e4ufe. Auch hier k\u00f6nnen Sie problemlos parken und stressfrei shoppen. <\/p>\n                                                    <\/div>\n                    <\/div>\n                                    <\/div>\n    <\/div>\n<\/section>\n\n<section class=\"pane pane--wei\u00df\">\n    <div class=\"container\">\n        <div class=\"row g-4 g-lg-8 g-xl-15 justify-content-center\">\n                                                <div class=\"col-12 col-lg-8\">\n                        <div class=\"pane__text\">\n                            <h2 data-pm-slice=\"1 1 []\"><img loading=\"lazy\" decoding=\"async\" src=\"https:\/\/ontdekemmen.nl\/wp-content\/themes\/ontdek-emmen\/assets\/img\/blocks-title.svg\" class=\"text-figure me-1 me-lg-2 mt-n1\" width=\"24\" height=\"18\" alt=\"\" \/> <span>Erreichbarkeit &amp; Parken<\/span><\/h2>\n<p data-start=\"443\" data-end=\"658\">Wenn Sie in der Gemeinde Emmen shoppen gehen, k\u00f6nnen Sie Ihr Ziel immer problemlos erreichen und ohne Probleme parken. Sowohl im Zentrum als auch in den D\u00f6rfern: \u00dcberall gibt es gute Verbindungen und ausreichend Parkpl\u00e4tze. So beginnt Ihr Shoppingtag entspannt.  <\/p>\n<h3 data-start=\"660\" data-end=\"682\">Emmen-Zentrum<\/h3>\n<p data-start=\"684\" data-end=\"934\">Besuchen Sie das Zentrum von Emmen? Sie k\u00f6nnen das Auto in den Tiefgaragen am Platz Willinkplein und in der Stra\u00dfe Westerstraat \u00fcberdacht parken.<br data-start=\"797\" data-end=\"800\">W\u00fcnschen Sie einen kostenlosen Parkplatz? Das ist auf dem Parkplatz Oost an der Stra\u00dfe Van Schaikweg m\u00f6glich. Von diesem Parkplatz aus ist das Zentrum in wenigen Minuten zu Fu\u00df erreichbar.   <\/p>\n<p data-start=\"936\" data-end=\"1086\">Mit dem Bus oder der Bahn? Der Bahnhof Emmen befindet sich in unmittelbarer N\u00e4he des Zentrums. Wenn Sie mit dem Bus oder der Bahn reisen, sind die Gesch\u00e4fte, Restaurants und Caf\u00e9s sowie der Markt schnell erreichbar.   <\/p>\n<p data-start=\"1088\" data-end=\"1220\">Mit dem Fahrrad? Auf dem bewachten Fahrradabstellplatz in der Stra\u00dfe Wilhelminastraat k\u00f6nnen Sie Ihr Fahrrad kostenlos abstellen. Dort steht Ihnen auch eine Ladestation f\u00fcr E-Bikes zur Verf\u00fcgung. <\/p>\n<h3 data-start=\"1222\" data-end=\"1243\">Klazienaveen<\/h3>\n<p data-start=\"1245\" data-end=\"1486\">Auch in Klazienaveen k\u00f6nnen Sie unbeschwert shoppen. Das Zentrum bietet ausreichend kostenlose Parkpl\u00e4tze und ist bequem mit dem Auto erreichbar.<br data-start=\"1378\" data-end=\"1381\">Mit den \u00f6ffentlichen Verkehrsmitteln? Vom Bahnhof Emmen ist Klazienaveen schnell mit dem Bus erreichbar. Perfekt f\u00fcr einen angenehmen Shoppingnachmittag.   <\/p>\n<h3 data-start=\"1488\" data-end=\"1523\">Nieuw-Amsterdam \/ Veenoord<\/h3>\n<p data-start=\"1525\" data-end=\"1851\">Die stimmungsvolle Einkaufsstra\u00dfe am Wasser ist bequem mit der Bahn erreichbar. Dank des Bahnhofs Nieuw-Amsterdam, der nur wenige Gehminuten von den Gesch\u00e4ften entfernt ist.<br data-start=\"1677\" data-end=\"1680\">Reisen Sie mit dem Auto? Auch hier gibt es in und um das Zentrum herum mehrere kostenlose Parkpl\u00e4tze. Im Sommer k\u00f6nnen Sie das Auto parken und direkt auf einer Terrasse am Kai Platz nehmen.   <\/p>\n<h3 data-start=\"1853\" data-end=\"1883\">Angelslo und Emmerhout<\/h3>\n<p data-start=\"1885\" data-end=\"2076\">Bei den Einkaufszentren von Angelslo und Emmerhout k\u00f6nnen Sie kostenlos direkt vor dem Eingang parken. Ideal f\u00fcr schnelle Eink\u00e4ufe oder einen entspannten Shoppingbummel in der N\u00e4he. <\/p>\n                                                    <\/div>\n                    <\/div>\n                                    <\/div>\n    <\/div>\n<\/section>\n\n<section class=\"pane pane--Terti\u00e4r\">\n    <div class=\"container\">\n        <div class=\"row g-4 g-lg-8 g-xl-15 justify-content-center\">\n                                                <div class=\"col-12 col-lg-8\">\n                        <div class=\"pane__text\">\n                            <h2 data-start=\"4399\" data-end=\"4449\"><img loading=\"lazy\" decoding=\"async\" src=\"https:\/\/ontdekemmen.nl\/wp-content\/themes\/ontdek-emmen\/assets\/img\/blocks-title.svg\" class=\"text-figure me-1 me-lg-2 mt-n1\" width=\"24\" height=\"18\" alt=\"\" \/> <span>H\u00e4ufig gestellte Fragen zu Shopping in Emmen<\/span><\/h2>\n<h4 data-start=\"4451\" data-end=\"4618\">Wie sind die \u00d6ffnungszeiten der Gesch\u00e4fte?<\/h4>\n<p>Die meisten Gesch\u00e4fte im Zentrum von Emmen sind montags bis samstags ge\u00f6ffnet. Donnerstags ist verkaufsoffener Abend. An jedem letzten Sonntag des Monats gibt es den verkaufsoffenen Sonntag.   <a href=\"https:\/\/ontdekemmen.nl\/praktisch\/openingstijden-en-koopzondagen-winkels-emmen\/\">Sehen Sie sich hier die aktuellen \u00d6ffnungszeiten der Gesch\u00e4fte im Zentrum an.<\/a><\/p>\n<h4 data-start=\"4620\" data-end=\"4741\">Wann findet der Markt in Emmen statt?<\/h4>\n<p data-start=\"4620\" data-end=\"4741\">Jeden Freitag von 8.00 bis 14.00 Uhr. Im Sommer gibt es jeden Dienstag Schmetterlingsm\u00e4rkte. <\/p>\n<h4 data-start=\"4743\" data-end=\"4860\">Wo kann ich das Auto kostenlos parken?<\/h4>\n<p data-start=\"4743\" data-end=\"4860\">Auf dem Parkplatz Oost an der Stra\u00dfe Van Schaikweg. Kostenlos, ger\u00e4umig und in unmittelbarer N\u00e4he des Zentrums. <\/p>\n<h4 data-start=\"4862\" data-end=\"5020\">Gibt es auch sch\u00f6ne Gesch\u00e4fte au\u00dferhalb des Zentrums?<\/h4>\n<p data-start=\"4862\" data-end=\"5020\">Ja, insbesondere Klazienaveen und Nieuw-Amsterdam\/Veenoord haben eine stimmungsvolle Einkaufsstra\u00dfe und zahlreiche kostenlose Parkpl\u00e4tze.<\/p>\n                                                    <\/div>\n                    <\/div>\n                                    <\/div>\n    <\/div>\n<\/section>\n","protected":false},"excerpt":{"rendered":"","protected":false},"author":2,"featured_media":0,"parent":0,"menu_order":0,"comment_status":"closed","ping_status":"closed","template":"","meta":{"_acf_changed":false,"footnotes":""},"class_list":["post-5029","page","type-page","status-publish","hentry"],"acf":[],"yoast_head":"<!-- This site is optimized with the Yoast SEO plugin v25.9 - https:\/\/yoast.com\/wordpress\/plugins\/seo\/ -->\n<title>Shopping und m\u00e4rkte - Ontdek Emmen<\/title>\n<meta name=\"description\" content=\"Shopping in Emmen: Entdecken Sie entspannte Einkaufsstra\u00dfen, charmante M\u00e4rkte und einzigartige Gesch\u00e4fte. Genie\u00dfen Sie stressfreies Bummeln in angenehmer Atmosph\u00e4re.\" \/>\n<meta name=\"robots\" content=\"index, follow, max-snippet:-1, max-image-preview:large, max-video-preview:-1\" \/>\n<link rel=\"canonical\" href=\"https:\/\/ontdekemmen.nl\/de\/shopping-und-markte\/\" \/>\n<meta property=\"og:locale\" content=\"de_DE\" \/>\n<meta property=\"og:type\" content=\"article\" \/>\n<meta property=\"og:title\" content=\"Shopping und m\u00e4rkte - Ontdek Emmen\" \/>\n<meta property=\"og:description\" content=\"Shopping in Emmen: Entdecken Sie entspannte Einkaufsstra\u00dfen, charmante M\u00e4rkte und einzigartige Gesch\u00e4fte. Genie\u00dfen Sie stressfreies Bummeln in angenehmer Atmosph\u00e4re.\" \/>\n<meta property=\"og:url\" content=\"https:\/\/ontdekemmen.nl\/de\/shopping-und-markte\/\" \/>\n<meta property=\"og:site_name\" content=\"Ontdek Emmen\" \/>\n<meta property=\"article:publisher\" content=\"https:\/\/www.facebook.com\/ontdekemmen2\/?locale=nl_NL\" \/>\n<meta property=\"article:modified_time\" content=\"2026-03-26T07:42:23+00:00\" \/>\n<meta name=\"twitter:card\" content=\"summary_large_image\" \/>\n<!-- \/ Yoast SEO plugin. -->","yoast_head_json":{"title":"Shopping und m\u00e4rkte - Ontdek Emmen","description":"Shopping in Emmen: Entdecken Sie entspannte Einkaufsstra\u00dfen, charmante M\u00e4rkte und einzigartige Gesch\u00e4fte. Genie\u00dfen Sie stressfreies Bummeln in angenehmer Atmosph\u00e4re.","robots":{"index":"index","follow":"follow","max-snippet":"max-snippet:-1","max-image-preview":"max-image-preview:large","max-video-preview":"max-video-preview:-1"},"canonical":"https:\/\/ontdekemmen.nl\/de\/shopping-und-markte\/","og_locale":"de_DE","og_type":"article","og_title":"Shopping und m\u00e4rkte - Ontdek Emmen","og_description":"Shopping in Emmen: Entdecken Sie entspannte Einkaufsstra\u00dfen, charmante M\u00e4rkte und einzigartige Gesch\u00e4fte. Genie\u00dfen Sie stressfreies Bummeln in angenehmer Atmosph\u00e4re.","og_url":"https:\/\/ontdekemmen.nl\/de\/shopping-und-markte\/","og_site_name":"Ontdek Emmen","article_publisher":"https:\/\/www.facebook.com\/ontdekemmen2\/?locale=nl_NL","article_modified_time":"2026-03-26T07:42:23+00:00","twitter_card":"summary_large_image","schema":{"@context":"https:\/\/schema.org","@graph":[{"@type":"WebPage","@id":"https:\/\/ontdekemmen.nl\/de\/shopping-und-markte\/","url":"https:\/\/ontdekemmen.nl\/de\/shopping-und-markte\/","name":"Shopping und m\u00e4rkte - Ontdek Emmen","isPartOf":{"@id":"https:\/\/ontdekemmen.nl\/#website"},"datePublished":"2026-03-26T07:41:39+00:00","dateModified":"2026-03-26T07:42:23+00:00","description":"Shopping in Emmen: Entdecken Sie entspannte Einkaufsstra\u00dfen, charmante M\u00e4rkte und einzigartige Gesch\u00e4fte. Genie\u00dfen Sie stressfreies Bummeln in angenehmer Atmosph\u00e4re.","breadcrumb":{"@id":"https:\/\/ontdekemmen.nl\/de\/shopping-und-markte\/#breadcrumb"},"inLanguage":"de","potentialAction":[{"@type":"ReadAction","target":["https:\/\/ontdekemmen.nl\/de\/shopping-und-markte\/"]}]},{"@type":"BreadcrumbList","@id":"https:\/\/ontdekemmen.nl\/de\/shopping-und-markte\/#breadcrumb","itemListElement":[{"@type":"ListItem","position":1,"name":"Home","item":"https:\/\/ontdekemmen.nl\/de\/"},{"@type":"ListItem","position":2,"name":"Shopping und m\u00e4rkte"}]},{"@type":"WebSite","@id":"https:\/\/ontdekemmen.nl\/#website","url":"https:\/\/ontdekemmen.nl\/","name":"Ontdek Emmen","description":"","potentialAction":[{"@type":"SearchAction","target":{"@type":"EntryPoint","urlTemplate":"https:\/\/ontdekemmen.nl\/?s={search_term_string}"},"query-input":{"@type":"PropertyValueSpecification","valueRequired":true,"valueName":"search_term_string"}}],"inLanguage":"de"}]}},"_links":{"self":[{"href":"https:\/\/ontdekemmen.nl\/de\/wp-json\/wp\/v2\/pages\/5029","targetHints":{"allow":["GET"]}}],"collection":[{"href":"https:\/\/ontdekemmen.nl\/de\/wp-json\/wp\/v2\/pages"}],"about":[{"href":"https:\/\/ontdekemmen.nl\/de\/wp-json\/wp\/v2\/types\/page"}],"author":[{"embeddable":true,"href":"https:\/\/ontdekemmen.nl\/de\/wp-json\/wp\/v2\/users\/2"}],"replies":[{"embeddable":true,"href":"https:\/\/ontdekemmen.nl\/de\/wp-json\/wp\/v2\/comments?post=5029"}],"version-history":[{"count":2,"href":"https:\/\/ontdekemmen.nl\/de\/wp-json\/wp\/v2\/pages\/5029\/revisions"}],"predecessor-version":[{"id":5031,"href":"https:\/\/ontdekemmen.nl\/de\/wp-json\/wp\/v2\/pages\/5029\/revisions\/5031"}],"wp:attachment":[{"href":"https:\/\/ontdekemmen.nl\/de\/wp-json\/wp\/v2\/media?parent=5029"}],"curies":[{"name":"wp","href":"https:\/\/api.w.org\/{rel}","templated":true}]}}