{"id":5025,"date":"2026-03-26T08:38:39","date_gmt":"2026-03-26T07:38:39","guid":{"rendered":"https:\/\/ontdekemmen.nl\/?page_id=5025"},"modified":"2026-03-26T08:43:30","modified_gmt":"2026-03-26T07:43:30","slug":"natur-und-erholung","status":"publish","type":"page","link":"https:\/\/ontdekemmen.nl\/de\/natur-und-erholung\/","title":{"rendered":"Natur und erholung"},"content":{"rendered":"\n<section class=\"pane pane--white\">\n    <div class=\"container\">\n        <div class=\"row g-4 g-lg-8 g-xl-15 justify-content-center\">\n                                                <div class=\"col-12 col-lg-8\">\n                        <div class=\"pane__text\">\n                            <h1 style=\"text-align: center\">Natur und Erholung: Raum zur Erholung<\/h1>\n<p class=\"lead\" style=\"text-align: center\"><span style=\"font-weight: 400\">In Emmen gibt es immer gen\u00fcgend Raum, sich zu erholen. Genie\u00dfen Sie die wohltuende Atmosph\u00e4re des Wellness, nehmen Sie in einem bequemen Sessel im Theater oder Kino Platz und lassen Sie sich vom abwechslungsreichen kulturellen Angebot \u00fcberraschen. <\/span><span style=\"font-weight: 400\">Und f\u00fcr diejenigen, die lieber nach drau\u00dfen gehen: Die Natur ist hier immer in unmittelbarer N\u00e4he. Fahren Sie mit dem Fahrrad an Moort\u00fcmpeln vorbei, wandern Sie durch das Moor Bargerveen oder entdecken Sie versteckte Pfade im Gr\u00fcnen. In Emmen gibt es gen\u00fcgend Raum, sich zu erholen, genau so, wie Sie es sich w\u00fcnschen. <\/span><\/p>\n                                                                <div class=\"pane__button-group\">\n        <div class=\"row g-2 g-lg-3 justify-content-start\">\n                            <div class=\"col-auto\">\n                        <a class=\"btn btn-secondary\" href=\"https:\/\/ontdekemmen.nl\/tips\/massagesalon-emmen\/\" target=\"_self\">\n        <span class=\"btn__text\">Entdecken Sie 3 angenehme Erholungsm\u00f6glichkeiten in Emmen<\/span>\n        <svg class=\"icon icon--16 icon--arrow\">\n            <use xlink:href=\"https:\/\/ontdekemmen.nl\/wp-content\/themes\/ontdek-emmen\/build\/img\/symbols.63376f1c939fe8229a47.svg#arrow-right\"><\/use>\n        <\/svg>\n    <\/a>\n                <\/div>\n                    <\/div>\n    <\/div>\n                                                    <\/div>\n                    <\/div>\n                                    <\/div>\n    <\/div>\n<\/section>\n\n\n<section class=\"pane pane--white\">\n    <div class=\"container px-2\">\n            <\/div>\n<\/section>\n","protected":false},"excerpt":{"rendered":"","protected":false},"author":2,"featured_media":0,"parent":0,"menu_order":0,"comment_status":"closed","ping_status":"closed","template":"","meta":{"_acf_changed":false,"footnotes":""},"class_list":["post-5025","page","type-page","status-publish","hentry"],"acf":[],"yoast_head":"<!-- This site is optimized with the Yoast SEO plugin v25.9 - https:\/\/yoast.com\/wordpress\/plugins\/seo\/ -->\n<title>Natur und erholung - Ontdek Emmen<\/title>\n<meta name=\"description\" content=\"Natur und Erholung in Emmen: Entspannen Sie bei Wellness, Kultur oder in der Natur. Entdecken Sie Moorlandschaften, Rad- und Wanderwege f\u00fcr Erholung ganz nach Ihrem Geschmack.\" \/>\n<meta name=\"robots\" content=\"index, follow, max-snippet:-1, max-image-preview:large, max-video-preview:-1\" \/>\n<link rel=\"canonical\" href=\"https:\/\/ontdekemmen.nl\/de\/natur-und-erholung\/\" \/>\n<meta property=\"og:locale\" content=\"de_DE\" \/>\n<meta property=\"og:type\" content=\"article\" \/>\n<meta property=\"og:title\" content=\"Natur und erholung - Ontdek Emmen\" \/>\n<meta property=\"og:description\" content=\"Natur und Erholung in Emmen: Entspannen Sie bei Wellness, Kultur oder in der Natur. Entdecken Sie Moorlandschaften, Rad- und Wanderwege f\u00fcr Erholung ganz nach Ihrem Geschmack.\" \/>\n<meta property=\"og:url\" content=\"https:\/\/ontdekemmen.nl\/de\/natur-und-erholung\/\" \/>\n<meta property=\"og:site_name\" content=\"Ontdek Emmen\" \/>\n<meta property=\"article:publisher\" content=\"https:\/\/www.facebook.com\/ontdekemmen2\/?locale=nl_NL\" \/>\n<meta property=\"article:modified_time\" content=\"2026-03-26T07:43:30+00:00\" \/>\n<meta name=\"twitter:card\" content=\"summary_large_image\" \/>\n<!-- \/ Yoast SEO plugin. -->","yoast_head_json":{"title":"Natur und erholung - Ontdek Emmen","description":"Natur und Erholung in Emmen: Entspannen Sie bei Wellness, Kultur oder in der Natur. Entdecken Sie Moorlandschaften, Rad- und Wanderwege f\u00fcr Erholung ganz nach Ihrem Geschmack.","robots":{"index":"index","follow":"follow","max-snippet":"max-snippet:-1","max-image-preview":"max-image-preview:large","max-video-preview":"max-video-preview:-1"},"canonical":"https:\/\/ontdekemmen.nl\/de\/natur-und-erholung\/","og_locale":"de_DE","og_type":"article","og_title":"Natur und erholung - Ontdek Emmen","og_description":"Natur und Erholung in Emmen: Entspannen Sie bei Wellness, Kultur oder in der Natur. Entdecken Sie Moorlandschaften, Rad- und Wanderwege f\u00fcr Erholung ganz nach Ihrem Geschmack.","og_url":"https:\/\/ontdekemmen.nl\/de\/natur-und-erholung\/","og_site_name":"Ontdek Emmen","article_publisher":"https:\/\/www.facebook.com\/ontdekemmen2\/?locale=nl_NL","article_modified_time":"2026-03-26T07:43:30+00:00","twitter_card":"summary_large_image","schema":{"@context":"https:\/\/schema.org","@graph":[{"@type":"WebPage","@id":"https:\/\/ontdekemmen.nl\/de\/natur-und-erholung\/","url":"https:\/\/ontdekemmen.nl\/de\/natur-und-erholung\/","name":"Natur und erholung - Ontdek Emmen","isPartOf":{"@id":"https:\/\/ontdekemmen.nl\/#website"},"datePublished":"2026-03-26T07:38:39+00:00","dateModified":"2026-03-26T07:43:30+00:00","description":"Natur und Erholung in Emmen: Entspannen Sie bei Wellness, Kultur oder in der Natur. Entdecken Sie Moorlandschaften, Rad- und Wanderwege f\u00fcr Erholung ganz nach Ihrem Geschmack.","breadcrumb":{"@id":"https:\/\/ontdekemmen.nl\/de\/natur-und-erholung\/#breadcrumb"},"inLanguage":"de","potentialAction":[{"@type":"ReadAction","target":["https:\/\/ontdekemmen.nl\/de\/natur-und-erholung\/"]}]},{"@type":"BreadcrumbList","@id":"https:\/\/ontdekemmen.nl\/de\/natur-und-erholung\/#breadcrumb","itemListElement":[{"@type":"ListItem","position":1,"name":"Home","item":"https:\/\/ontdekemmen.nl\/de\/"},{"@type":"ListItem","position":2,"name":"Natur und erholung"}]},{"@type":"WebSite","@id":"https:\/\/ontdekemmen.nl\/#website","url":"https:\/\/ontdekemmen.nl\/","name":"Ontdek Emmen","description":"","potentialAction":[{"@type":"SearchAction","target":{"@type":"EntryPoint","urlTemplate":"https:\/\/ontdekemmen.nl\/?s={search_term_string}"},"query-input":{"@type":"PropertyValueSpecification","valueRequired":true,"valueName":"search_term_string"}}],"inLanguage":"de"}]}},"_links":{"self":[{"href":"https:\/\/ontdekemmen.nl\/de\/wp-json\/wp\/v2\/pages\/5025","targetHints":{"allow":["GET"]}}],"collection":[{"href":"https:\/\/ontdekemmen.nl\/de\/wp-json\/wp\/v2\/pages"}],"about":[{"href":"https:\/\/ontdekemmen.nl\/de\/wp-json\/wp\/v2\/types\/page"}],"author":[{"embeddable":true,"href":"https:\/\/ontdekemmen.nl\/de\/wp-json\/wp\/v2\/users\/2"}],"replies":[{"embeddable":true,"href":"https:\/\/ontdekemmen.nl\/de\/wp-json\/wp\/v2\/comments?post=5025"}],"version-history":[{"count":2,"href":"https:\/\/ontdekemmen.nl\/de\/wp-json\/wp\/v2\/pages\/5025\/revisions"}],"predecessor-version":[{"id":5032,"href":"https:\/\/ontdekemmen.nl\/de\/wp-json\/wp\/v2\/pages\/5025\/revisions\/5032"}],"wp:attachment":[{"href":"https:\/\/ontdekemmen.nl\/de\/wp-json\/wp\/v2\/media?parent=5025"}],"curies":[{"name":"wp","href":"https:\/\/api.w.org\/{rel}","templated":true}]}}