{"id":5023,"date":"2026-03-26T08:32:58","date_gmt":"2026-03-26T07:32:58","guid":{"rendered":"https:\/\/ontdekemmen.nl\/?page_id=5023"},"modified":"2026-03-26T08:43:50","modified_gmt":"2026-03-26T07:43:50","slug":"radfahren-und-wandern","status":"publish","type":"page","link":"https:\/\/ontdekemmen.nl\/de\/radfahren-und-wandern\/","title":{"rendered":"Radfahren und wandern"},"content":{"rendered":"\n<section class=\"pane pane--wei\u00df\">\n    <div class=\"container\">\n        <div class=\"row g-4 g-lg-8 g-xl-15 justify-content-center\">\n                    <\/div>\n    <\/div>\n<\/section>\n\n<section class=\"pane pane--wei\u00df\">\n    <div class=\"container\">\n        <div class=\"row g-4 g-lg-8 g-xl-15 justify-content-center\">\n                                                <div class=\"col-12 col-lg-8\">\n                        <div class=\"pane__text\">\n                            <h1 style=\"text-align: center\">Radfahren und Wandern in Emmen: Outdoor-Leben vom Feinsten<\/h1>\n<p class=\"lead\" style=\"text-align: center\">Haben Sie Lust auf frische Luft, Ruhe und Raum? In Emmen k\u00f6nnen Sie direkt in die Natur eintauchen. Wandern Sie auf gewundenen Waldwegen, fahren Sie mit dem Fahrrad durch das Moor Bargerveen und lassen Sie sich von der Weite der Landschaft \u00fcberraschen. Hier k\u00f6nnen Sie dem Alltag f\u00fcr eine Weile entfliehen. Ohne weit gehen oder fahren zu m\u00fcssen. Von kleinen Spazierg\u00e4ngen bis hin zu Tagesausfl\u00fcgen mit voller Labeflasche: Es gibt immer eine Route, die zu Ihnen passt. Unterwegs sehen Sie uralte H\u00fcnengr\u00e4ber, weite Heidelandschaften, charmante D\u00f6rfer und viele Stellen, an denen Sie sich erholen und sich ausruhen k\u00f6nnen. Setzen Sie sich f\u00fcr ein Picknick oder besuchen Sie eine Terrasse zu einer Tasse Kaffee.       <\/p>\n                                                    <\/div>\n                    <\/div>\n                                    <div class=\"col-12 col-lg-8\">\n                        <div class=\"pane__text\">\n                            <h2 style=\"text-align: center\" data-start=\"812\" data-end=\"845\"><img loading=\"lazy\" decoding=\"async\" src=\"https:\/\/ontdekemmen.nl\/wp-content\/themes\/ontdek-emmen\/assets\/img\/blocks-title.svg\" class=\"text-figure me-1 me-lg-2 mt-n1\" width=\"24\" height=\"18\" alt=\"\" \/> <span>Ihr Tempo, Ihr Erlebnis<\/span><\/h2>\n<p style=\"text-align: center\" data-start=\"847\" data-end=\"1063\">Die Routen sind gut ausgeschildert und abwechslungsreich. Ob Sie wandern gehen, um den Kopf frei zu bekommen, oder sportlich die Kilometer z\u00e4hlen, in Emmen gibt es immer gen\u00fcgend Raum, sich zu erholen, genau so, wie Sie es sich w\u00fcnschen. Allein, mit der Familie oder mit Freunden.  <\/p>\n                                                    <\/div>\n                    <\/div>\n                                    <\/div>\n    <\/div>\n<\/section>\n\n<section class=\"pane pane--white\">\n    <div class=\"container px-2\">\n        \t\t            <div class=\"mason\">\n                <div class=\"mason__grid mason__grid--2 \">\n\n\t\t\t\t\t\t\t\t\t\t\t\t<div class=\"mason-img mason-img--1 bg-tertiary\">\n\t\t\t\t\t\t\t\t\t\t\t\t\t\t\t\t\t<a href=\"https:\/\/ontdekemmen.nl\/routes\/fietsen-emmen\/\" target=\"_self\">\n\t\t\t\t\t\t\t\t\t\t\t\t\t\t\t\t\t\t\t\t\t\t\t\t\t<span class=\"title text-white h4 m-0\">Entdecken Sie die sch\u00f6nsten Radrouten durch W\u00e4lder, Heidelandschaften und D\u00f6rfer<\/span>\n\t\t\t\t\t\t\t\t\t\t\t\t\t\t\t\t\t\t\t\t\t\t\t\t\t<figure class=\"figure figure--author\">\n\t\t\t\t\t\t\t\t\t\t<img loading=\"lazy\" decoding=\"async\" width=\"1000\" height=\"667\" src=\"https:\/\/ontdekemmen.nl\/wp-content\/uploads\/2025\/11\/Fietsen-in-Drenthe-2000px.jpg\" class=\"image\" alt=\"Sfeerafbeelding fietsen in Drenthe\" srcset=\"https:\/\/ontdekemmen.nl\/wp-content\/uploads\/2025\/11\/Fietsen-in-Drenthe-2000px.jpg 2000w, https:\/\/ontdekemmen.nl\/wp-content\/uploads\/2025\/11\/Fietsen-in-Drenthe-2000px-1024x682.jpg 1024w, https:\/\/ontdekemmen.nl\/wp-content\/uploads\/2025\/11\/Fietsen-in-Drenthe-2000px-1920x1280.jpg 1920w, https:\/\/ontdekemmen.nl\/wp-content\/uploads\/2025\/11\/Fietsen-in-Drenthe-2000px-640x427.jpg 640w, https:\/\/ontdekemmen.nl\/wp-content\/uploads\/2025\/11\/Fietsen-in-Drenthe-2000px-768x512.jpg 768w, https:\/\/ontdekemmen.nl\/wp-content\/uploads\/2025\/11\/Fietsen-in-Drenthe-2000px-1536x1024.jpg 1536w, https:\/\/ontdekemmen.nl\/wp-content\/uploads\/2025\/11\/Fietsen-in-Drenthe-2000px-70x47.jpg 70w, https:\/\/ontdekemmen.nl\/wp-content\/uploads\/2025\/11\/Fietsen-in-Drenthe-2000px-1590x1060.jpg 1590w\" sizes=\"auto, (max-width: 1000px) 100vw, 1000px\" \/>\t\t\t\t\t\t\t\t\t\t\t\t\t\t\t\t\t\t\t<\/figure>\n\t\t\t\t\t\t\t\t\t\t\t\t\t\t\t\t\t\t\t\t\t\t\t\t\t<\/a>\n\t\t\t\t\t\t\t\t\t\t\t\t\t\t\t<\/div>\n\t\t\t\t\t\t\t\t\t\t\t\t\t\t<div class=\"mason-img mason-img--2 bg-tertiary\">\n\t\t\t\t\t\t\t\t\t\t\t\t\t\t\t\t\t<a href=\"https:\/\/ontdekemmen.nl\/routes\/wandelen-emmen\/\" target=\"_self\">\n\t\t\t\t\t\t\t\t\t\t\t\t\t\t\t\t\t\t\t\t\t\t\t\t\t<span class=\"title text-white h4 m-0\">Entdecken Sie die sch\u00f6nsten Wanderrouten in Emmen<\/span>\n\t\t\t\t\t\t\t\t\t\t\t\t\t\t\t\t\t\t\t\t\t\t\t\t\t<figure class=\"figure figure--author\">\n\t\t\t\t\t\t\t\t\t\t<img loading=\"lazy\" decoding=\"async\" width=\"1000\" height=\"333\" src=\"https:\/\/ontdekemmen.nl\/wp-content\/uploads\/2025\/10\/WhatsApp-Image-2025-10-29-at-15.11.52.jpeg\" class=\"image\" alt=\"Sfeerafbeelding wandelen in het Bargerveen\" srcset=\"https:\/\/ontdekemmen.nl\/wp-content\/uploads\/2025\/10\/WhatsApp-Image-2025-10-29-at-15.11.52.jpeg 1500w, https:\/\/ontdekemmen.nl\/wp-content\/uploads\/2025\/10\/WhatsApp-Image-2025-10-29-at-15.11.52-1024x341.jpeg 1024w, https:\/\/ontdekemmen.nl\/wp-content\/uploads\/2025\/10\/WhatsApp-Image-2025-10-29-at-15.11.52-640x213.jpeg 640w, https:\/\/ontdekemmen.nl\/wp-content\/uploads\/2025\/10\/WhatsApp-Image-2025-10-29-at-15.11.52-768x256.jpeg 768w, https:\/\/ontdekemmen.nl\/wp-content\/uploads\/2025\/10\/WhatsApp-Image-2025-10-29-at-15.11.52-70x23.jpeg 70w\" sizes=\"auto, (max-width: 1000px) 100vw, 1000px\" \/>\t\t\t\t\t\t\t\t\t\t\t\t\t\t\t\t\t\t\t<\/figure>\n\t\t\t\t\t\t\t\t\t\t\t\t\t\t\t\t\t\t\t\t\t\t\t\t\t<\/a>\n\t\t\t\t\t\t\t\t\t\t\t\t\t\t\t<\/div>\n\t\t\t\t\t\t\t                <\/div>\n            <\/div>\n            <\/div>\n<\/section>\n","protected":false},"excerpt":{"rendered":"","protected":false},"author":2,"featured_media":0,"parent":0,"menu_order":0,"comment_status":"closed","ping_status":"closed","template":"","meta":{"_acf_changed":false,"footnotes":""},"class_list":["post-5023","page","type-page","status-publish","hentry"],"acf":[],"yoast_head":"<!-- This site is optimized with the Yoast SEO plugin v25.9 - https:\/\/yoast.com\/wordpress\/plugins\/seo\/ -->\n<title>Radfahren und wandern - Ontdek Emmen<\/title>\n<meta name=\"description\" content=\"Radfahren und Wandern in Emmen: Entdecken Sie Natur, Ruhe und Weite. Erkunden Sie W\u00e4lder, Moore und Heide. Perfekt f\u00fcr entspannte Ausfl\u00fcge oder aktive Tage.\" \/>\n<meta name=\"robots\" content=\"index, follow, max-snippet:-1, max-image-preview:large, max-video-preview:-1\" \/>\n<link rel=\"canonical\" href=\"https:\/\/ontdekemmen.nl\/de\/radfahren-und-wandern\/\" \/>\n<meta property=\"og:locale\" content=\"de_DE\" \/>\n<meta property=\"og:type\" content=\"article\" \/>\n<meta property=\"og:title\" content=\"Radfahren und wandern - Ontdek Emmen\" \/>\n<meta property=\"og:description\" content=\"Radfahren und Wandern in Emmen: Entdecken Sie Natur, Ruhe und Weite. Erkunden Sie W\u00e4lder, Moore und Heide. Perfekt f\u00fcr entspannte Ausfl\u00fcge oder aktive Tage.\" \/>\n<meta property=\"og:url\" content=\"https:\/\/ontdekemmen.nl\/de\/radfahren-und-wandern\/\" \/>\n<meta property=\"og:site_name\" content=\"Ontdek Emmen\" \/>\n<meta property=\"article:publisher\" content=\"https:\/\/www.facebook.com\/ontdekemmen2\/?locale=nl_NL\" \/>\n<meta property=\"article:modified_time\" content=\"2026-03-26T07:43:50+00:00\" \/>\n<meta name=\"twitter:card\" content=\"summary_large_image\" \/>\n<!-- \/ Yoast SEO plugin. -->","yoast_head_json":{"title":"Radfahren und wandern - Ontdek Emmen","description":"Radfahren und Wandern in Emmen: Entdecken Sie Natur, Ruhe und Weite. Erkunden Sie W\u00e4lder, Moore und Heide. Perfekt f\u00fcr entspannte Ausfl\u00fcge oder aktive Tage.","robots":{"index":"index","follow":"follow","max-snippet":"max-snippet:-1","max-image-preview":"max-image-preview:large","max-video-preview":"max-video-preview:-1"},"canonical":"https:\/\/ontdekemmen.nl\/de\/radfahren-und-wandern\/","og_locale":"de_DE","og_type":"article","og_title":"Radfahren und wandern - Ontdek Emmen","og_description":"Radfahren und Wandern in Emmen: Entdecken Sie Natur, Ruhe und Weite. Erkunden Sie W\u00e4lder, Moore und Heide. Perfekt f\u00fcr entspannte Ausfl\u00fcge oder aktive Tage.","og_url":"https:\/\/ontdekemmen.nl\/de\/radfahren-und-wandern\/","og_site_name":"Ontdek Emmen","article_publisher":"https:\/\/www.facebook.com\/ontdekemmen2\/?locale=nl_NL","article_modified_time":"2026-03-26T07:43:50+00:00","twitter_card":"summary_large_image","schema":{"@context":"https:\/\/schema.org","@graph":[{"@type":"WebPage","@id":"https:\/\/ontdekemmen.nl\/de\/radfahren-und-wandern\/","url":"https:\/\/ontdekemmen.nl\/de\/radfahren-und-wandern\/","name":"Radfahren und wandern - Ontdek Emmen","isPartOf":{"@id":"https:\/\/ontdekemmen.nl\/#website"},"datePublished":"2026-03-26T07:32:58+00:00","dateModified":"2026-03-26T07:43:50+00:00","description":"Radfahren und Wandern in Emmen: Entdecken Sie Natur, Ruhe und Weite. Erkunden Sie W\u00e4lder, Moore und Heide. Perfekt f\u00fcr entspannte Ausfl\u00fcge oder aktive Tage.","breadcrumb":{"@id":"https:\/\/ontdekemmen.nl\/de\/radfahren-und-wandern\/#breadcrumb"},"inLanguage":"de","potentialAction":[{"@type":"ReadAction","target":["https:\/\/ontdekemmen.nl\/de\/radfahren-und-wandern\/"]}]},{"@type":"BreadcrumbList","@id":"https:\/\/ontdekemmen.nl\/de\/radfahren-und-wandern\/#breadcrumb","itemListElement":[{"@type":"ListItem","position":1,"name":"Home","item":"https:\/\/ontdekemmen.nl\/de\/"},{"@type":"ListItem","position":2,"name":"Radfahren und wandern"}]},{"@type":"WebSite","@id":"https:\/\/ontdekemmen.nl\/#website","url":"https:\/\/ontdekemmen.nl\/","name":"Ontdek Emmen","description":"","potentialAction":[{"@type":"SearchAction","target":{"@type":"EntryPoint","urlTemplate":"https:\/\/ontdekemmen.nl\/?s={search_term_string}"},"query-input":{"@type":"PropertyValueSpecification","valueRequired":true,"valueName":"search_term_string"}}],"inLanguage":"de"}]}},"_links":{"self":[{"href":"https:\/\/ontdekemmen.nl\/de\/wp-json\/wp\/v2\/pages\/5023","targetHints":{"allow":["GET"]}}],"collection":[{"href":"https:\/\/ontdekemmen.nl\/de\/wp-json\/wp\/v2\/pages"}],"about":[{"href":"https:\/\/ontdekemmen.nl\/de\/wp-json\/wp\/v2\/types\/page"}],"author":[{"embeddable":true,"href":"https:\/\/ontdekemmen.nl\/de\/wp-json\/wp\/v2\/users\/2"}],"replies":[{"embeddable":true,"href":"https:\/\/ontdekemmen.nl\/de\/wp-json\/wp\/v2\/comments?post=5023"}],"version-history":[{"count":2,"href":"https:\/\/ontdekemmen.nl\/de\/wp-json\/wp\/v2\/pages\/5023\/revisions"}],"predecessor-version":[{"id":5033,"href":"https:\/\/ontdekemmen.nl\/de\/wp-json\/wp\/v2\/pages\/5023\/revisions\/5033"}],"wp:attachment":[{"href":"https:\/\/ontdekemmen.nl\/de\/wp-json\/wp\/v2\/media?parent=5023"}],"curies":[{"name":"wp","href":"https:\/\/api.w.org\/{rel}","templated":true}]}}