{"id":3331,"date":"2025-07-15T11:19:45","date_gmt":"2025-07-15T09:19:45","guid":{"rendered":"https:\/\/ontdekemmen.nl\/aktivitaeten\/"},"modified":"2026-04-17T08:25:23","modified_gmt":"2026-04-17T06:25:23","slug":"aktivitaeten","status":"publish","type":"page","link":"https:\/\/ontdekemmen.nl\/de\/aktivitaeten\/","title":{"rendered":"Aktivit\u00e4ten"},"content":{"rendered":"\n<section class=\"pane pane--wei\u00df\">\n    <div class=\"container\">\n        <div class=\"row g-4 g-lg-8 g-xl-15 justify-content-center\">\n                                                <div class=\"col-12 col-lg-8\">\n                        <div class=\"pane__text\">\n                            <h1 style=\"text-align: center\">Aktivit\u00e4ten<\/h1>\n<p class=\"lead\" style=\"text-align: center\">In Emmen gibt es immer etwas zu tun. Ob Sie die Ruhe der Natur m\u00f6gen, aktiv sein wollen oder lieber mit der Familie auf Entdeckungstour gehen: hier finden Sie den Raum, um sich auf Ihre Weise zu vergn\u00fcgen. Lust auf ein bisschen Action? Steigen Sie auf Ihr Fahrrad oder ziehen Sie Ihre Wanderschuhe an. Sie m\u00f6chten lieber aufladen? Lassen Sie sich auf einer Terrasse nieder oder besuchen Sie eine der vielen kulturellen St\u00e4tten. Mit einer Mischung aus Natur, Stadt, Geschichte und Gastfreundschaft bietet Emmen viele M\u00f6glichkeiten, dem Alltag zu entfliehen: in Ihrem eigenen Tempo, mit wem auch immer Sie wollen.<\/p>\n                                                    <\/div>\n                    <\/div>\n                                    <div class=\"col-12 col-lg-8\">\n                        <div class=\"pane__text\">\n                            <h2 style=\"text-align: center\" data-start=\"973\" data-end=\"1004\"><img loading=\"lazy\" decoding=\"async\" src=\"https:\/\/ontdekemmen.nl\/wp-content\/themes\/ontdek-emmen\/assets\/img\/blocks-title.svg\" class=\"text-figure me-1 me-lg-2 mt-n1\" width=\"24\" height=\"18\" alt=\"\" \/> <span>Entdecken Sie, was zu Ihnen passt<\/span><\/h2>\n<p style=\"text-align: center\" data-start=\"1006\" data-end=\"1212\">Lassen Sie sich von der Vielseitigkeit von Emmen inspirieren und w\u00e4hlen Sie die Aktivit\u00e4ten aus, die zu Ihrem Tag passen. Allein, mit Freunden oder mit der ganzen Familie: es gibt immer etwas zu erleben, ganz in der N\u00e4he und \u00fcberraschend anders. Sehen Sie hier, was Sie in Emmen unternehmen k\u00f6nnen.<\/p>\n                                                    <\/div>\n                    <\/div>\n                                    <\/div>\n    <\/div>\n<\/section>\n\n\n\n<section class=\"pane pane--white\">\n    <div class=\"container\">\n\t\t\t\t\t<div class=\"row g-4 g-sm-2 g-lg-6\">\n\t\t\t\n\t\t\t\t<div class=\"col-12 col-sm-4\">\n\t\t\t\t\t<article class=\"card card--post card-link\">\n\t\t\t\t\t\t\t\t\t\t\t\t\t\t\t\t\t\t\t\t<img decoding=\"async\" width=\"670\" height=\"447\" src=\"https:\/\/ontdekemmen.nl\/wp-content\/uploads\/2025\/08\/Wildlands-olifant-scaled.jpeg\" class=\"card-img card-img--card\" alt=\"Sfeerafbeelding Wildlands\" loading=\"lazy\" \/>\t\t\t\t\t\t\t\t\t\t\t\t<div class=\"card-body\">\n\t\t\t\t\t\t\t\t\t\t\t\t\t\t\t<h2 class=\"card-title\">WILDLANDS Adventure Zoo Emmen<\/h2>\n\t\t\t\t\t\t\t\t\t\t\t\t\t\t\t\t\t\t\t\t\t\t<span class=\"card-subtitle\">\n\t\t\t\t\t\t\t\t\tEine Welt voller Natur und Abenteuer\t\t\t\t\t\t\t\t<\/span>\n\t\t\t\t\t\t\t\t\t\t\t\t\t<\/div>\n\t\t\t\t\t\t\t\t\t\t\t\t\t<a class=\"stretched-link\" href=\"https:\/\/ontdekemmen.nl\/de\/aktivitaten\/wildlands-adventure-zoo-emmen\/\" target=\"_self\" title=\"Go to link WILDLANDS Adventure Zoo Emmen\"><\/a>\n\t\t\t\t\t\t\t\t\t\t\t<\/article>\n\t\t\t\t<\/div>\n\n\t\t\t\n\t\t\t\t<div class=\"col-12 col-sm-4\">\n\t\t\t\t\t<article class=\"card card--post card-link\">\n\t\t\t\t\t\t\t\t\t\t\t\t\t\t\t\t\t\t\t\t<img decoding=\"async\" width=\"670\" height=\"447\" src=\"https:\/\/ontdekemmen.nl\/wp-content\/uploads\/2025\/07\/Rensenpark-3-scaled.jpg\" class=\"card-img card-img--card\" alt=\"Sfeerafbeelding Rensenpark\" loading=\"lazy\" \/>\t\t\t\t\t\t\t\t\t\t\t\t<div class=\"card-body\">\n\t\t\t\t\t\t\t\t\t\t\t\t\t\t\t<h2 class=\"card-title\">Rensenpark<\/h2>\n\t\t\t\t\t\t\t\t\t\t\t\t\t\t\t\t\t\t\t\t\t\t<span class=\"card-subtitle\">\n\t\t\t\t\t\t\t\t\tVom alten Zoo zum kreativen Stadtpark\t\t\t\t\t\t\t\t<\/span>\n\t\t\t\t\t\t\t\t\t\t\t\t\t<\/div>\n\t\t\t\t\t\t\t\t\t\t\t\t\t<a class=\"stretched-link\" href=\"https:\/\/ontdekemmen.nl\/de\/aktivitaten\/rensenpark\/\" target=\"_self\" title=\"Go to link Rensenpark\"><\/a>\n\t\t\t\t\t\t\t\t\t\t\t<\/article>\n\t\t\t\t<\/div>\n\n\t\t\t\n\t\t\t\t<div class=\"col-12 col-sm-4\">\n\t\t\t\t\t<article class=\"card card--post card-link\">\n\t\t\t\t\t\t\t\t\t\t\t\t\t\t\t\t\t\t\t\t<img decoding=\"async\" width=\"670\" height=\"342\" src=\"https:\/\/ontdekemmen.nl\/wp-content\/uploads\/2025\/07\/Bargerveen-2-scaled.jpeg\" class=\"card-img card-img--card\" alt=\"Sfeerafbeelding Bargerveen\" loading=\"lazy\" \/>\t\t\t\t\t\t\t\t\t\t\t\t<div class=\"card-body\">\n\t\t\t\t\t\t\t\t\t\t\t\t\t\t\t<h2 class=\"card-title\">Bargerveen<\/h2>\n\t\t\t\t\t\t\t\t\t\t\t\t\t\t\t\t\t\t\t\t\t\t<span class=\"card-subtitle\">\n\t\t\t\t\t\t\t\t\tHochmoor Oerdrent\t\t\t\t\t\t\t\t<\/span>\n\t\t\t\t\t\t\t\t\t\t\t\t\t<\/div>\n\t\t\t\t\t\t\t\t\t\t\t\t\t<a class=\"stretched-link\" href=\"https:\/\/ontdekemmen.nl\/de\/aktivitaten\/das-moor-bargerveen\/\" target=\"_self\" title=\"Go to link Bargerveen\"><\/a>\n\t\t\t\t\t\t\t\t\t\t\t<\/article>\n\t\t\t\t<\/div>\n\n\t\t\t\n\t\t\t\t<div class=\"col-12 col-sm-4\">\n\t\t\t\t\t<article class=\"card card--post card-link\">\n\t\t\t\t\t\t\t\t\t\t\t\t\t\t\t\t\t\t\t\t<img decoding=\"async\" width=\"373\" height=\"560\" src=\"https:\/\/ontdekemmen.nl\/wp-content\/uploads\/2025\/07\/Atlas-Theater-3-Richard-Broekhuijzen-1-scaled.jpg\" class=\"card-img card-img--card\" alt=\"Sfeerafbeelding Atlas Theater Emmen\" loading=\"lazy\" \/>\t\t\t\t\t\t\t\t\t\t\t\t<div class=\"card-body\">\n\t\t\t\t\t\t\t\t\t\t\t\t\t\t\t<h2 class=\"card-title\">ATLAS Theater<\/h2>\n\t\t\t\t\t\t\t\t\t\t\t\t\t\t\t\t\t\t\t\t\t\t<span class=\"card-subtitle\">\n\t\t\t\t\t\t\t\t\tWo Vorstellungen Sie ber\u00fchren\t\t\t\t\t\t\t\t<\/span>\n\t\t\t\t\t\t\t\t\t\t\t\t\t<\/div>\n\t\t\t\t\t\t\t\t\t\t\t\t\t<a class=\"stretched-link\" href=\"https:\/\/ontdekemmen.nl\/de\/aktivitaten\/atlas-theater-emmen\/\" target=\"_self\" title=\"Go to link ATLAS Theater\"><\/a>\n\t\t\t\t\t\t\t\t\t\t\t<\/article>\n\t\t\t\t<\/div>\n\n\t\t\t\n\t\t\t\t<div class=\"col-12 col-sm-4\">\n\t\t\t\t\t<article class=\"card card--post card-link\">\n\t\t\t\t\t\t\t\t\t\t\t\t\t\t\t\t\t\t\t\t<img decoding=\"async\" width=\"670\" height=\"447\" src=\"https:\/\/ontdekemmen.nl\/wp-content\/uploads\/2025\/07\/Emmermeer-Valtherbos-7-scaled.jpg\" class=\"card-img card-img--card\" alt=\"Sfeerafbeelding Bos\" loading=\"lazy\" \/>\t\t\t\t\t\t\t\t\t\t\t\t<div class=\"card-body\">\n\t\t\t\t\t\t\t\t\t\t\t\t\t\t\t<h2 class=\"card-title\">Emmerdennen<\/h2>\n\t\t\t\t\t\t\t\t\t\t\t\t\t\t\t\t\t\t\t\t\t\t<span class=\"card-subtitle\">\n\t\t\t\t\t\t\t\t\tEin Wald voller Geschichten\t\t\t\t\t\t\t\t<\/span>\n\t\t\t\t\t\t\t\t\t\t\t\t\t<\/div>\n\t\t\t\t\t\t\t\t\t\t\t\t\t<a class=\"stretched-link\" href=\"https:\/\/ontdekemmen.nl\/de\/aktivitaten\/der-wald-emmerdennen\/\" target=\"_self\" title=\"Go to link Emmerdennen\"><\/a>\n\t\t\t\t\t\t\t\t\t\t\t<\/article>\n\t\t\t\t<\/div>\n\n\t\t\t\n\t\t\t\t<div class=\"col-12 col-sm-4\">\n\t\t\t\t\t<article class=\"card card--post card-link\">\n\t\t\t\t\t\t\t\t\t\t\t\t\t\t\t\t\t\t\t\t<img decoding=\"async\" width=\"374\" height=\"560\" src=\"https:\/\/ontdekemmen.nl\/wp-content\/uploads\/2025\/07\/Van-Gogh-Drenthe-Beeldbank-1-scaled-e1754989823443.jpg\" class=\"card-img card-img--card\" alt=\"Sfeerafbeelding muurschildering Van Gogh in Nieuw-Amsterdam\/Veenoord\" loading=\"lazy\" \/>\t\t\t\t\t\t\t\t\t\t\t\t<div class=\"card-body\">\n\t\t\t\t\t\t\t\t\t\t\t\t\t\t\t<h2 class=\"card-title\">Van Gogh Drenthe<\/h2>\n\t\t\t\t\t\t\t\t\t\t\t\t\t\t\t\t\t\t\t\t\t\t<span class=\"card-subtitle\">\n\t\t\t\t\t\t\t\t\tEntdecken Sie seine Geschichte aus Drenthe\t\t\t\t\t\t\t\t<\/span>\n\t\t\t\t\t\t\t\t\t\t\t\t\t<\/div>\n\t\t\t\t\t\t\t\t\t\t\t\t\t<a class=\"stretched-link\" href=\"https:\/\/ontdekemmen.nl\/de\/aktivitaten\/van-gogh-drenthe\/\" target=\"_self\" title=\"Go to link Van Gogh Drenthe\"><\/a>\n\t\t\t\t\t\t\t\t\t\t\t<\/article>\n\t\t\t\t<\/div>\n\n\t\t\t\t\t<\/div>\n\t\t    <\/div>\n<\/section>\n","protected":false},"excerpt":{"rendered":"","protected":false},"author":2,"featured_media":1989,"parent":0,"menu_order":0,"comment_status":"closed","ping_status":"closed","template":"","meta":{"_acf_changed":false,"footnotes":""},"class_list":["post-3331","page","type-page","status-publish","has-post-thumbnail","hentry"],"acf":[],"yoast_head":"<!-- This site is optimized with the Yoast SEO plugin v25.9 - https:\/\/yoast.com\/wordpress\/plugins\/seo\/ -->\n<title>Aktivit\u00e4ten - Ontdek Emmen<\/title>\n<meta name=\"description\" content=\"Aktivit\u00e4ten in Emmen: Natur, Kultur und Erholung. Entdecken Sie die Region zu Fu\u00df oder per Rad, genie\u00dfen Sie Terrassen und erleben Sie vielf\u00e4ltige Freizeitm\u00f6glichkeiten.\" \/>\n<meta name=\"robots\" content=\"index, follow, max-snippet:-1, max-image-preview:large, max-video-preview:-1\" \/>\n<link rel=\"canonical\" href=\"https:\/\/ontdekemmen.nl\/de\/aktivitaeten\/\" \/>\n<meta property=\"og:locale\" content=\"de_DE\" \/>\n<meta property=\"og:type\" content=\"article\" \/>\n<meta property=\"og:title\" content=\"Aktivit\u00e4ten - Ontdek Emmen\" \/>\n<meta property=\"og:description\" content=\"Aktivit\u00e4ten in Emmen: Natur, Kultur und Erholung. Entdecken Sie die Region zu Fu\u00df oder per Rad, genie\u00dfen Sie Terrassen und erleben Sie vielf\u00e4ltige Freizeitm\u00f6glichkeiten.\" \/>\n<meta property=\"og:url\" content=\"https:\/\/ontdekemmen.nl\/de\/aktivitaeten\/\" \/>\n<meta property=\"og:site_name\" content=\"Ontdek Emmen\" \/>\n<meta property=\"article:publisher\" content=\"https:\/\/www.facebook.com\/ontdekemmen2\/?locale=nl_NL\" \/>\n<meta property=\"article:modified_time\" content=\"2026-04-17T06:25:23+00:00\" \/>\n<meta property=\"og:image\" content=\"https:\/\/ontdekemmen.nl\/wp-content\/uploads\/2025\/08\/GP25ZonderLogo-28.jpg\" \/>\n\t<meta property=\"og:image:width\" content=\"1920\" \/>\n\t<meta property=\"og:image:height\" content=\"1280\" \/>\n\t<meta property=\"og:image:type\" content=\"image\/jpeg\" \/>\n<meta name=\"twitter:card\" content=\"summary_large_image\" \/>\n<meta name=\"twitter:label1\" content=\"Gesch\u00e4tzte Lesezeit\" \/>\n\t<meta name=\"twitter:data1\" content=\"1\u00a0Minute\" \/>\n<!-- \/ Yoast SEO plugin. -->","yoast_head_json":{"title":"Aktivit\u00e4ten - Ontdek Emmen","description":"Aktivit\u00e4ten in Emmen: Natur, Kultur und Erholung. Entdecken Sie die Region zu Fu\u00df oder per Rad, genie\u00dfen Sie Terrassen und erleben Sie vielf\u00e4ltige Freizeitm\u00f6glichkeiten.","robots":{"index":"index","follow":"follow","max-snippet":"max-snippet:-1","max-image-preview":"max-image-preview:large","max-video-preview":"max-video-preview:-1"},"canonical":"https:\/\/ontdekemmen.nl\/de\/aktivitaeten\/","og_locale":"de_DE","og_type":"article","og_title":"Aktivit\u00e4ten - Ontdek Emmen","og_description":"Aktivit\u00e4ten in Emmen: Natur, Kultur und Erholung. Entdecken Sie die Region zu Fu\u00df oder per Rad, genie\u00dfen Sie Terrassen und erleben Sie vielf\u00e4ltige Freizeitm\u00f6glichkeiten.","og_url":"https:\/\/ontdekemmen.nl\/de\/aktivitaeten\/","og_site_name":"Ontdek Emmen","article_publisher":"https:\/\/www.facebook.com\/ontdekemmen2\/?locale=nl_NL","article_modified_time":"2026-04-17T06:25:23+00:00","og_image":[{"url":"https:\/\/ontdekemmen.nl\/wp-content\/uploads\/2025\/08\/GP25ZonderLogo-28.jpg","width":1920,"height":1280,"type":"image\/jpeg"}],"twitter_card":"summary_large_image","twitter_misc":{"Gesch\u00e4tzte Lesezeit":"1\u00a0Minute"},"schema":{"@context":"https:\/\/schema.org","@graph":[{"@type":"WebPage","@id":"https:\/\/ontdekemmen.nl\/de\/aktivitaeten\/","url":"https:\/\/ontdekemmen.nl\/de\/aktivitaeten\/","name":"Aktivit\u00e4ten - Ontdek Emmen","isPartOf":{"@id":"https:\/\/ontdekemmen.nl\/#website"},"primaryImageOfPage":{"@id":"https:\/\/ontdekemmen.nl\/de\/aktivitaeten\/#primaryimage"},"image":{"@id":"https:\/\/ontdekemmen.nl\/de\/aktivitaeten\/#primaryimage"},"thumbnailUrl":"https:\/\/ontdekemmen.nl\/wp-content\/uploads\/2025\/08\/GP25ZonderLogo-28.jpg","datePublished":"2025-07-15T09:19:45+00:00","dateModified":"2026-04-17T06:25:23+00:00","description":"Aktivit\u00e4ten in Emmen: Natur, Kultur und Erholung. Entdecken Sie die Region zu Fu\u00df oder per Rad, genie\u00dfen Sie Terrassen und erleben Sie vielf\u00e4ltige Freizeitm\u00f6glichkeiten.","breadcrumb":{"@id":"https:\/\/ontdekemmen.nl\/de\/aktivitaeten\/#breadcrumb"},"inLanguage":"de","potentialAction":[{"@type":"ReadAction","target":["https:\/\/ontdekemmen.nl\/de\/aktivitaeten\/"]}]},{"@type":"ImageObject","inLanguage":"de","@id":"https:\/\/ontdekemmen.nl\/de\/aktivitaeten\/#primaryimage","url":"https:\/\/ontdekemmen.nl\/wp-content\/uploads\/2025\/08\/GP25ZonderLogo-28.jpg","contentUrl":"https:\/\/ontdekemmen.nl\/wp-content\/uploads\/2025\/08\/GP25ZonderLogo-28.jpg","width":2048,"height":1365,"caption":"Djuulerd Media"},{"@type":"BreadcrumbList","@id":"https:\/\/ontdekemmen.nl\/de\/aktivitaeten\/#breadcrumb","itemListElement":[{"@type":"ListItem","position":1,"name":"Home","item":"https:\/\/ontdekemmen.nl\/de\/"},{"@type":"ListItem","position":2,"name":"Aktivit\u00e4ten"}]},{"@type":"WebSite","@id":"https:\/\/ontdekemmen.nl\/#website","url":"https:\/\/ontdekemmen.nl\/","name":"Ontdek Emmen","description":"","potentialAction":[{"@type":"SearchAction","target":{"@type":"EntryPoint","urlTemplate":"https:\/\/ontdekemmen.nl\/?s={search_term_string}"},"query-input":{"@type":"PropertyValueSpecification","valueRequired":true,"valueName":"search_term_string"}}],"inLanguage":"de"}]}},"_links":{"self":[{"href":"https:\/\/ontdekemmen.nl\/de\/wp-json\/wp\/v2\/pages\/3331","targetHints":{"allow":["GET"]}}],"collection":[{"href":"https:\/\/ontdekemmen.nl\/de\/wp-json\/wp\/v2\/pages"}],"about":[{"href":"https:\/\/ontdekemmen.nl\/de\/wp-json\/wp\/v2\/types\/page"}],"author":[{"embeddable":true,"href":"https:\/\/ontdekemmen.nl\/de\/wp-json\/wp\/v2\/users\/2"}],"replies":[{"embeddable":true,"href":"https:\/\/ontdekemmen.nl\/de\/wp-json\/wp\/v2\/comments?post=3331"}],"version-history":[{"count":2,"href":"https:\/\/ontdekemmen.nl\/de\/wp-json\/wp\/v2\/pages\/3331\/revisions"}],"predecessor-version":[{"id":5401,"href":"https:\/\/ontdekemmen.nl\/de\/wp-json\/wp\/v2\/pages\/3331\/revisions\/5401"}],"wp:featuredmedia":[{"embeddable":true,"href":"https:\/\/ontdekemmen.nl\/de\/wp-json\/wp\/v2\/media\/1989"}],"wp:attachment":[{"href":"https:\/\/ontdekemmen.nl\/de\/wp-json\/wp\/v2\/media?parent=3331"}],"curies":[{"name":"wp","href":"https:\/\/api.w.org\/{rel}","templated":true}]}}