{"id":294,"date":"2025-05-08T12:55:58","date_gmt":"2025-05-08T10:55:58","guid":{"rendered":"https:\/\/ontdekemmen.nl\/startseite\/"},"modified":"2026-04-10T09:44:59","modified_gmt":"2026-04-10T07:44:59","slug":"startseite","status":"publish","type":"page","link":"https:\/\/ontdekemmen.nl\/de\/","title":{"rendered":"Startseite"},"content":{"rendered":"\n<section class=\"hero hero--full\">\n    <img decoding=\"async\" class=\"hero__figure\" src=\"https:\/\/ontdekemmen.nl\/wp-content\/themes\/ontdek-emmen\/build\/img\/blocks.svg\" width=\"69\" height=\"42\" loading=\"lazy\" alt=\"\" \/>\n    <div class=\"hero__background\">\n       \t\t<video id=\"heroVideo\" preload=\"metadata\" class=\"hero__video\" playsinline autoplay muted loop aria-hidden=\"true\">\n\t\t\t<source src=\"https:\/\/ontdekemmen.nl\/wp-content\/uploads\/2025\/08\/drone-video-emmen.mp4\" type=\"video\/mp4\">\n\t\t\tbrowser has no video support\n\t\t<\/video>\n\n\t\t    <\/div>\n\t<div class=\"hero__content\">\n\t\t<div class=\"container\">\n\t\t\t<div class=\"row\">\n\t\t\t\t<div class=\"col-12 col-lg-9 col-xl-8\">\n\t\t\t\t\t<h1 class=\"hero__title\">\n\t\t\t\t\t\tEmmen,<br>wo<br>Stadt und Natur<br>aufeinandertreffen\t\t\t\t\t<\/h1>\n\t\t\t\t\t<button id=\"pauseButton\" class=\"btn btn-primary btn--pause is-playing\" onclick=\"togglePause()\" aria-pressed=\"false\">\n\t\t\t\t\t\t<span class=\"visually-hidden\">Pauzeer<\/span>\n\t\t\t\t\t\t<svg class=\"icon icon--20 icon--lg-24 icon--play\">\n\t\t\t\t\t\t\t<use xlink:href=\"https:\/\/ontdekemmen.nl\/wp-content\/themes\/ontdek-emmen\/build\/img\/symbols.63376f1c939fe8229a47.svg#play\"><\/use>\n\t\t\t\t\t\t<\/svg>\n\t\t\t\t\t\t<svg class=\"icon icon--20 icon--lg-24 icon--pause\">\n\t\t\t\t\t\t\t<use xlink:href=\"https:\/\/ontdekemmen.nl\/wp-content\/themes\/ontdek-emmen\/build\/img\/symbols.63376f1c939fe8229a47.svg#pause\"><\/use>\n\t\t\t\t\t\t<\/svg>\n\t\t\t\t\t<\/button>\n\t\t\t\t\t<script>\n\t\t\t\t\t\tvar video = document.getElementById(\"heroVideo\");\n\t\t\t\t\t\tvar pauseButton = document.getElementById(\"pauseButton\");\n\t\t\t\t\t\tvar pauseText = pauseButton.querySelector('.visually-hidden');\n\n\t\t\t\t\t\tfunction togglePause() {\n\t\t\t\t\t\t\tif (video.paused) {\n\t\t\t\t\t\t\t\tvideo.play();\n\t\t\t\t\t\t\t\tpauseButton.classList.add('is-playing');\n\t\t\t\t\t\t\t\tpauseButton.setAttribute('aria-pressed', 'false');\n\t\t\t\t\t\t\t\tpauseText.textContent = \"Pauzeer\";\n\t\t\t\t\t\t\t} else {\n\t\t\t\t\t\t\t\tvideo.pause();\n\t\t\t\t\t\t\t\tpauseButton.classList.remove('is-playing');\n\t\t\t\t\t\t\t\tpauseButton.setAttribute('aria-pressed', 'true');\n\t\t\t\t\t\t\t\tpauseText.textContent = \"Speel af\";\n\t\t\t\t\t\t\t}\n\t\t\t\t\t\t}\n\t\t\t\t\t<\/script>\n\t\t\t\t<\/div>\n\t\t\t<\/div>\n\t\t<\/div>\n\t<\/div>\n\t\t\t<div class=\"hero__usps\">\n\t\t\t<div class=\"container\">\n\t\t\t\t<div class=\"row g-2 g-lg-4 mb-4\">\n\t\t\t\t\t\t\t\t\t\t\t<div class=\"col-12 col-lg-4\">\n\t\t\t\t\t\t\t\t\t\t\t\t\t\t\t<a class=\"hero__usp\" href=\"https:\/\/ontdekemmen.nl\/de\/aktivitaeten\/\" target=\"_self\">\n\t\t\t\t\t\t\t\t\t<span class=\"hero__usp-title\">Sehen und tun<\/span>\n\t\t\t\t\t\t\t\t\t\t\t\t\t\t\t\t\t\t<svg class=\"icon icon--16 icon--lg-20\">\n\t\t\t\t\t\t\t\t\t\t<use xlink:href=\"https:\/\/ontdekemmen.nl\/wp-content\/themes\/ontdek-emmen\/build\/img\/symbols.63376f1c939fe8229a47.svg#arrow-right-down\"><\/use>\n\t\t\t\t\t\t\t\t\t<\/svg>\n\t\t\t\t\t\t\t\t<\/a>\n\t\t\t\t\t\t\t\t\t\t\t\t\t<\/div>\n\t\t\t\t\t\t\t\t\t\t\t<div class=\"col-12 col-lg-4\">\n\t\t\t\t\t\t\t\t\t\t\t\t\t\t\t<a class=\"hero__usp\" href=\"https:\/\/ontdekemmen.nl\/de\/tips\/\" target=\"_self\">\n\t\t\t\t\t\t\t\t\t<span class=\"hero__usp-title\">Ausgehtipps<\/span>\n\t\t\t\t\t\t\t\t\t\t\t\t\t\t\t\t\t\t<svg class=\"icon icon--16 icon--lg-20\">\n\t\t\t\t\t\t\t\t\t\t<use xlink:href=\"https:\/\/ontdekemmen.nl\/wp-content\/themes\/ontdek-emmen\/build\/img\/symbols.63376f1c939fe8229a47.svg#arrow-right-down\"><\/use>\n\t\t\t\t\t\t\t\t\t<\/svg>\n\t\t\t\t\t\t\t\t<\/a>\n\t\t\t\t\t\t\t\t\t\t\t\t\t<\/div>\n\t\t\t\t\t\t\t\t\t\t\t<div class=\"col-12 col-lg-4\">\n\t\t\t\t\t\t\t\t\t\t\t\t\t\t\t<a class=\"hero__usp\" href=\"https:\/\/ontdekemmen.nl\/de\/tipps\/emmen-zentrum\/\" target=\"_self\">\n\t\t\t\t\t\t\t\t\t<span class=\"hero__usp-title\">Emmen-Zentrum<\/span>\n\t\t\t\t\t\t\t\t\t\t\t\t\t\t\t\t\t\t<svg class=\"icon icon--16 icon--lg-20\">\n\t\t\t\t\t\t\t\t\t\t<use xlink:href=\"https:\/\/ontdekemmen.nl\/wp-content\/themes\/ontdek-emmen\/build\/img\/symbols.63376f1c939fe8229a47.svg#arrow-right-down\"><\/use>\n\t\t\t\t\t\t\t\t\t<\/svg>\n\t\t\t\t\t\t\t\t<\/a>\n\t\t\t\t\t\t\t\t\t\t\t\t\t<\/div>\n\t\t\t\t\t\t\t\t\t<\/div>\n\t\t\t<\/div>\n\t\t<\/div>\n\t<\/section>\n\n\n\n<section class=\"pane pane--wei\u00df\">\n    <div class=\"container\">\n        <div class=\"row g-4 g-lg-8 g-xl-15 justify-content-center\">\n                                                <div class=\"col-12 col-lg-10\">\n                        <div class=\"pane__text\">\n                            <p class=\"lead\" style=\"text-align: center\">In Emmen finden Sie Raum, um wirklich zu leben. Inmitten von Natur und Stadt sp\u00fcren Sie es sofort: die Ruhe des Gr\u00fcns, den Raum zum Atmen und die Energie, die \u00fcberall pulsiert. Wandern Sie von einem lebhaften Platz in die weite Natur, genie\u00dfen Sie eine sonnige Terrasse oder erleben Sie einen Tag voller Abenteuer im WILDLANDS Adventure Zoo. Erkunden Sie alte Moorwege mit dem Fahrrad, lassen Sie sich von der Weite der Landschaft \u00fcberraschen oder genie\u00dfen Sie eines der vielen Musikfestivals. Emmen ist n\u00fcchtern und innovativ, gastfreundlich und offen. Ob Sie Emmen einen Tag, ein Wochenende oder l\u00e4nger besuchen: Sie werden sich hier sofort willkommen f\u00fchlen.     <\/p>\n<p style=\"text-align: center\"><span class=\"h3\">Entdecken Sie es selbst. Emmen entdecken. <\/span><\/p>\n                                                    <\/div>\n                    <\/div>\n                                    <\/div>\n    <\/div>\n<\/section>\n\n\n<section class=\"pane pane--white\">\n    <div class=\"container px-2\">\n        \t\t\t\t\t<header class=\"mason-title mb-3 mb-xl-4\">\n\t\t\t\t<img decoding=\"async\" class=\"text-figure me-2 me-lg-3\" src=\"https:\/\/ontdekemmen.nl\/wp-content\/themes\/ontdek-emmen\/build\/img\/blocks.svg\" width=\"24\" height=\"18\" loading=\"lazy\" alt=\"\"\" \/>\n\t\t\t\t<h2>Zu tun<\/h2>\n\t\t\t<\/header>\n\t\t            <div class=\"mason\">\n                <div class=\"mason__grid mason__grid--5 \">\n\n\t\t\t\t\t\t\t\t\t\t\t\t<div class=\"mason-img mason-img--1 bg-tertiary\">\n\t\t\t\t\t\t\t\t\t\t\t\t\t\t\t\t\t<a href=\"https:\/\/ontdekemmen.nl\/de\/aktivitaten\/wildlands-adventure-zoo-emmen\/\" target=\"_self\">\n\t\t\t\t\t\t\t\t\t\t\t\t\t\t\t\t\t\t\t\t\t\t\t\t\t<span class=\"title text-white h4 m-0\">WILDLANDS Adventure Zoo Emmen<\/span>\n\t\t\t\t\t\t\t\t\t\t\t\t\t\t\t\t\t\t\t\t\t\t\t\t\t<figure class=\"figure figure--author\">\n\t\t\t\t\t\t\t\t\t\t<img loading=\"lazy\" decoding=\"async\" width=\"1000\" height=\"667\" src=\"https:\/\/ontdekemmen.nl\/wp-content\/uploads\/2025\/08\/Wildlands-olifant-scaled.jpeg\" class=\"image\" alt=\"Sfeerafbeelding Wildlands\" \/>\t\t\t\t\t\t\t\t\t\t\t\t\t\t\t\t\t\t\t<\/figure>\n\t\t\t\t\t\t\t\t\t\t\t\t\t\t\t\t\t\t\t\t\t\t\t\t\t<\/a>\n\t\t\t\t\t\t\t\t\t\t\t\t\t\t\t<\/div>\n\t\t\t\t\t\t\t\t\t\t\t\t\t\t<div class=\"mason-img mason-img--2 bg-tertiary\">\n\t\t\t\t\t\t\t\t\t\t\t\t\t\t\t\t\t<a href=\"https:\/\/ontdekemmen.nl\/de\/routen\/stadtrundgang-in-emmen\/\" target=\"_self\">\n\t\t\t\t\t\t\t\t\t\t\t\t\t\t\t\t\t\t\t\t\t\t\t\t\t<span class=\"title text-white h4 m-0\">Stadtrundgang in Emmen<\/span>\n\t\t\t\t\t\t\t\t\t\t\t\t\t\t\t\t\t\t\t\t\t\t\t\t\t<figure class=\"figure figure--author\">\n\t\t\t\t\t\t\t\t\t\t<img loading=\"lazy\" decoding=\"async\" width=\"1000\" height=\"750\" src=\"https:\/\/ontdekemmen.nl\/wp-content\/uploads\/2025\/09\/IMG_6433-scaled.jpg\" class=\"image\" alt=\"\" srcset=\"https:\/\/ontdekemmen.nl\/wp-content\/uploads\/2025\/09\/IMG_6433-scaled.jpg 2560w, https:\/\/ontdekemmen.nl\/wp-content\/uploads\/2025\/09\/IMG_6433-1024x768.jpg 1024w, https:\/\/ontdekemmen.nl\/wp-content\/uploads\/2025\/09\/IMG_6433-1920x1440.jpg 1920w, https:\/\/ontdekemmen.nl\/wp-content\/uploads\/2025\/09\/IMG_6433-640x480.jpg 640w, https:\/\/ontdekemmen.nl\/wp-content\/uploads\/2025\/09\/IMG_6433-768x576.jpg 768w, https:\/\/ontdekemmen.nl\/wp-content\/uploads\/2025\/09\/IMG_6433-1536x1152.jpg 1536w, https:\/\/ontdekemmen.nl\/wp-content\/uploads\/2025\/09\/IMG_6433-2048x1536.jpg 2048w, https:\/\/ontdekemmen.nl\/wp-content\/uploads\/2025\/09\/IMG_6433-70x53.jpg 70w, https:\/\/ontdekemmen.nl\/wp-content\/uploads\/2025\/09\/IMG_6433-1413x1060.jpg 1413w\" sizes=\"auto, (max-width: 1000px) 100vw, 1000px\" \/>\t\t\t\t\t\t\t\t\t\t\t\t\t\t\t\t\t\t\t<\/figure>\n\t\t\t\t\t\t\t\t\t\t\t\t\t\t\t\t\t\t\t\t\t\t\t\t\t<\/a>\n\t\t\t\t\t\t\t\t\t\t\t\t\t\t\t<\/div>\n\t\t\t\t\t\t\t\t\t\t\t\t\t\t<div class=\"mason-img mason-img--3 bg-tertiary\">\n\t\t\t\t\t\t\t\t\t\t\t\t\t\t\t\t\t<a href=\"https:\/\/ontdekemmen.nl\/de\/veranstaltungen\/festivals-in-emmen\/\" target=\"_self\">\n\t\t\t\t\t\t\t\t\t\t\t\t\t\t\t\t\t\t\t\t\t\t\t\t\t<span class=\"title text-white h4 m-0\">Festivals<\/span>\n\t\t\t\t\t\t\t\t\t\t\t\t\t\t\t\t\t\t\t\t\t\t\t\t\t<figure class=\"figure figure--author\">\n\t\t\t\t\t\t\t\t\t\t<img loading=\"lazy\" decoding=\"async\" width=\"1000\" height=\"667\" src=\"https:\/\/ontdekemmen.nl\/wp-content\/uploads\/2025\/07\/CLV2025_ZA_ZonderLogo-47.jpg\" class=\"image\" alt=\"Sfeerafbeelding evenementen in Emmen\" \/>\t\t\t\t\t\t\t\t\t\t\t\t\t\t\t\t\t\t\t<\/figure>\n\t\t\t\t\t\t\t\t\t\t\t\t\t\t\t\t\t\t\t\t\t\t\t\t\t<\/a>\n\t\t\t\t\t\t\t\t\t\t\t\t\t\t\t<\/div>\n\t\t\t\t\t\t\t\t\t\t\t\t\t\t<div class=\"mason-img mason-img--4 bg-tertiary\">\n\t\t\t\t\t\t\t\t\t\t\t\t\t\t\t\t\t<a href=\"https:\/\/ontdekemmen.nl\/de\/aktivitaten\/museen-in-emmen\/\" target=\"_self\">\n\t\t\t\t\t\t\t\t\t\t\t\t\t\t\t\t\t\t\t\t\t\t\t\t\t<span class=\"title text-white h4 m-0\">Museen in Emmen<\/span>\n\t\t\t\t\t\t\t\t\t\t\t\t\t\t\t\t\t\t\t\t\t\t\t\t\t<figure class=\"figure figure--author\">\n\t\t\t\t\t\t\t\t\t\t<img loading=\"lazy\" decoding=\"async\" width=\"1000\" height=\"667\" src=\"https:\/\/ontdekemmen.nl\/wp-content\/uploads\/2025\/10\/Van-Gogh-Huis-scaled.jpg\" class=\"image\" alt=\"Sfeerbeeld Van Gogh Huis\" srcset=\"https:\/\/ontdekemmen.nl\/wp-content\/uploads\/2025\/10\/Van-Gogh-Huis-scaled.jpg 2560w, https:\/\/ontdekemmen.nl\/wp-content\/uploads\/2025\/10\/Van-Gogh-Huis-1024x683.jpg 1024w, https:\/\/ontdekemmen.nl\/wp-content\/uploads\/2025\/10\/Van-Gogh-Huis-1920x1280.jpg 1920w, https:\/\/ontdekemmen.nl\/wp-content\/uploads\/2025\/10\/Van-Gogh-Huis-640x427.jpg 640w, https:\/\/ontdekemmen.nl\/wp-content\/uploads\/2025\/10\/Van-Gogh-Huis-768x512.jpg 768w, https:\/\/ontdekemmen.nl\/wp-content\/uploads\/2025\/10\/Van-Gogh-Huis-1536x1024.jpg 1536w, https:\/\/ontdekemmen.nl\/wp-content\/uploads\/2025\/10\/Van-Gogh-Huis-2048x1365.jpg 2048w, https:\/\/ontdekemmen.nl\/wp-content\/uploads\/2025\/10\/Van-Gogh-Huis-70x47.jpg 70w, https:\/\/ontdekemmen.nl\/wp-content\/uploads\/2025\/10\/Van-Gogh-Huis-1590x1060.jpg 1590w\" sizes=\"auto, (max-width: 1000px) 100vw, 1000px\" \/>\t\t\t\t\t\t\t\t\t\t\t\t\t\t\t\t\t\t\t<\/figure>\n\t\t\t\t\t\t\t\t\t\t\t\t\t\t\t\t\t\t\t\t\t\t\t\t\t<\/a>\n\t\t\t\t\t\t\t\t\t\t\t\t\t\t\t<\/div>\n\t\t\t\t\t\t\t\t\t\t\t\t\t\t<div class=\"mason-img mason-img--5 bg-tertiary\">\n\t\t\t\t\t\t\t\t\t\t\t\t\t\t\t\t\t<a href=\"https:\/\/ontdekemmen.nl\/de\/aktivitaten\/atlas-theater-emmen\/\" target=\"_self\">\n\t\t\t\t\t\t\t\t\t\t\t\t\t\t\t\t\t\t\t\t\t\t\t\t\t<span class=\"title text-white h4 m-0\">ATLAS Theater<\/span>\n\t\t\t\t\t\t\t\t\t\t\t\t\t\t\t\t\t\t\t\t\t\t\t\t\t<figure class=\"figure figure--author\">\n\t\t\t\t\t\t\t\t\t\t<img loading=\"lazy\" decoding=\"async\" width=\"667\" height=\"1000\" src=\"https:\/\/ontdekemmen.nl\/wp-content\/uploads\/2025\/07\/Atlas-Theater-3-Richard-Broekhuijzen-1-scaled.jpg\" class=\"image\" alt=\"Sfeerafbeelding Atlas Theater Emmen\" \/>\t\t\t\t\t\t\t\t\t\t\t\t\t\t\t\t\t\t\t<\/figure>\n\t\t\t\t\t\t\t\t\t\t\t\t\t\t\t\t\t\t\t\t\t\t\t\t\t<\/a>\n\t\t\t\t\t\t\t\t\t\t\t\t\t\t\t<\/div>\n\t\t\t\t\t\t\t                <\/div>\n            <\/div>\n            <\/div>\n<\/section>\n\n\n<section class=\"pane pane--white\">\n    <div class=\"container px-2\">\n        \t\t\t\t\t<header class=\"mason-title mb-3 mb-xl-4\">\n\t\t\t\t<img decoding=\"async\" class=\"text-figure me-2 me-lg-3\" src=\"https:\/\/ontdekemmen.nl\/wp-content\/themes\/ontdek-emmen\/build\/img\/blocks.svg\" width=\"24\" height=\"18\" loading=\"lazy\" alt=\"\"\" \/>\n\t\t\t\t<h2>Entdecken<\/h2>\n\t\t\t<\/header>\n\t\t            <div class=\"mason\">\n                <div class=\"mason__grid mason__grid--4 mason__grid--short\">\n\n\t\t\t\t\t\t\t\t\t\t\t\t<div class=\"mason-img mason-img--1 bg-tertiary\">\n\t\t\t\t\t\t\t\t\t\t\t\t\t\t\t\t\t<a href=\"https:\/\/ontdekemmen.nl\/de\/aktivitaten\/das-moor-bargerveen\/\" target=\"_self\">\n\t\t\t\t\t\t\t\t\t\t\t\t\t\t\t\t\t\t\t\t\t\t\t\t\t<span class=\"title text-white h4 m-0\">Das Moor Bargerveen<\/span>\n\t\t\t\t\t\t\t\t\t\t\t\t\t\t\t\t\t\t\t\t\t\t\t\t\t<figure class=\"figure figure--author\">\n\t\t\t\t\t\t\t\t\t\t<img loading=\"lazy\" decoding=\"async\" width=\"1000\" height=\"571\" src=\"https:\/\/ontdekemmen.nl\/wp-content\/uploads\/2025\/07\/Bargerveen-Hondsrug-Beeldbank-2-1-scaled.jpg\" class=\"image\" alt=\"Sfeerafbeelding Bargerveen\" \/>\t\t\t\t\t\t\t\t\t\t\t\t\t\t\t\t\t\t\t<\/figure>\n\t\t\t\t\t\t\t\t\t\t\t\t\t\t\t\t\t\t\t\t\t\t\t\t\t<\/a>\n\t\t\t\t\t\t\t\t\t\t\t\t\t\t\t<\/div>\n\t\t\t\t\t\t\t\t\t\t\t\t\t\t<div class=\"mason-img mason-img--2 bg-tertiary\">\n\t\t\t\t\t\t\t\t\t\t\t\t\t\t\t\t\t<a href=\"https:\/\/ontdekemmen.nl\/de\/aktivitaten\/der-wald-emmerdennen\/\" target=\"_self\">\n\t\t\t\t\t\t\t\t\t\t\t\t\t\t\t\t\t\t\t\t\t\t\t\t\t<span class=\"title text-white h4 m-0\">Der Wald Emmerdennen<\/span>\n\t\t\t\t\t\t\t\t\t\t\t\t\t\t\t\t\t\t\t\t\t\t\t\t\t<figure class=\"figure figure--author\">\n\t\t\t\t\t\t\t\t\t\t<img loading=\"lazy\" decoding=\"async\" width=\"1000\" height=\"667\" src=\"https:\/\/ontdekemmen.nl\/wp-content\/uploads\/2025\/07\/Emmermeer-Valtherbos-hunebed-1-scaled.jpg\" class=\"image\" alt=\"\" \/>\t\t\t\t\t\t\t\t\t\t\t\t\t\t\t\t\t\t\t<\/figure>\n\t\t\t\t\t\t\t\t\t\t\t\t\t\t\t\t\t\t\t\t\t\t\t\t\t<\/a>\n\t\t\t\t\t\t\t\t\t\t\t\t\t\t\t<\/div>\n\t\t\t\t\t\t\t\t\t\t\t\t\t\t<div class=\"mason-img mason-img--3 bg-tertiary\">\n\t\t\t\t\t\t\t\t\t\t\t\t\t\t\t\t\t<a href=\"https:\/\/ontdekemmen.nl\/de\/aktivitaten\/van-gogh-drenthe\/\" target=\"_self\">\n\t\t\t\t\t\t\t\t\t\t\t\t\t\t\t\t\t\t\t\t\t\t\t\t\t<span class=\"title text-white h4 m-0\">Van Gogh<\/span>\n\t\t\t\t\t\t\t\t\t\t\t\t\t\t\t\t\t\t\t\t\t\t\t\t\t<figure class=\"figure figure--author\">\n\t\t\t\t\t\t\t\t\t\t<img loading=\"lazy\" decoding=\"async\" width=\"667\" height=\"1000\" src=\"https:\/\/ontdekemmen.nl\/wp-content\/uploads\/2025\/07\/Van-Gogh-Drenthe-Beeldbank-1-scaled-e1754989823443.jpg\" class=\"image\" alt=\"Sfeerafbeelding muurschildering Van Gogh in Nieuw-Amsterdam\/Veenoord\" \/>\t\t\t\t\t\t\t\t\t\t\t\t\t\t\t\t\t\t\t<\/figure>\n\t\t\t\t\t\t\t\t\t\t\t\t\t\t\t\t\t\t\t\t\t\t\t\t\t<\/a>\n\t\t\t\t\t\t\t\t\t\t\t\t\t\t\t<\/div>\n\t\t\t\t\t\t\t\t\t\t\t\t\t\t<div class=\"mason-img mason-img--4 bg-tertiary\">\n\t\t\t\t\t\t\t\t\t\t\t\t\t\t\t\t\t<a href=\"https:\/\/ontdekemmen.nl\/de\/aktivitaten\/rensenpark\/\" target=\"_self\">\n\t\t\t\t\t\t\t\t\t\t\t\t\t\t\t\t\t\t\t\t\t\t\t\t\t<span class=\"title text-white h4 m-0\">Rensenpark<\/span>\n\t\t\t\t\t\t\t\t\t\t\t\t\t\t\t\t\t\t\t\t\t\t\t\t\t<figure class=\"figure figure--author\">\n\t\t\t\t\t\t\t\t\t\t<img loading=\"lazy\" decoding=\"async\" width=\"1000\" height=\"667\" src=\"https:\/\/ontdekemmen.nl\/wp-content\/uploads\/2025\/07\/Rensenpark-Robert-Smit-2-scaled.jpg\" class=\"image\" alt=\"Sfeerafbeelding Rensenpark\" \/>\t\t\t\t\t\t\t\t\t\t\t\t\t\t\t\t\t\t\t<\/figure>\n\t\t\t\t\t\t\t\t\t\t\t\t\t\t\t\t\t\t\t\t\t\t\t\t\t<\/a>\n\t\t\t\t\t\t\t\t\t\t\t\t\t\t\t<\/div>\n\t\t\t\t\t\t\t                <\/div>\n            <\/div>\n            <\/div>\n<\/section>\n","protected":false},"excerpt":{"rendered":"<p>Entdecken Sie Emmen: wo Ruhe, Weite und Energie zusammenkommen. Genie\u00dfen Sie Natur, Kultur, Festivals und Abenteuer im Herzen von Drenthe. <\/p>\n","protected":false},"author":1,"featured_media":258,"parent":0,"menu_order":-1,"comment_status":"closed","ping_status":"closed","template":"","meta":{"_acf_changed":false,"footnotes":""},"class_list":["post-294","page","type-page","status-publish","has-post-thumbnail","hentry"],"acf":[],"yoast_head":"<!-- This site is optimized with the Yoast SEO plugin v25.9 - https:\/\/yoast.com\/wordpress\/plugins\/seo\/ -->\n<title>Startseite - Ontdek Emmen<\/title>\n<meta name=\"description\" content=\"Entdecken Sie Emmen: wo Ruhe, Weite und Energie zusammenkommen. Genie\u00dfen Sie Natur, Kultur, Festivals und Abenteuer im Herzen von Drenthe.\" \/>\n<meta name=\"robots\" content=\"index, follow, max-snippet:-1, max-image-preview:large, max-video-preview:-1\" \/>\n<link rel=\"canonical\" href=\"https:\/\/ontdekemmen.nl\/de\/\" \/>\n<meta property=\"og:locale\" content=\"de_DE\" \/>\n<meta property=\"og:type\" content=\"article\" \/>\n<meta property=\"og:title\" content=\"Startseite - Ontdek Emmen\" \/>\n<meta property=\"og:description\" content=\"Entdecken Sie Emmen: wo Ruhe, Weite und Energie zusammenkommen. Genie\u00dfen Sie Natur, Kultur, Festivals und Abenteuer im Herzen von Drenthe.\" \/>\n<meta property=\"og:url\" content=\"https:\/\/ontdekemmen.nl\/de\/\" \/>\n<meta property=\"og:site_name\" content=\"Ontdek Emmen\" \/>\n<meta property=\"article:publisher\" content=\"https:\/\/www.facebook.com\/ontdekemmen2\/?locale=nl_NL\" \/>\n<meta property=\"article:modified_time\" content=\"2026-04-10T07:44:59+00:00\" \/>\n<meta property=\"og:image\" content=\"https:\/\/ontdekemmen.nl\/wp-content\/uploads\/2025\/05\/emmen1.jpg\" \/>\n\t<meta property=\"og:image:width\" content=\"1218\" \/>\n\t<meta property=\"og:image:height\" content=\"886\" \/>\n\t<meta property=\"og:image:type\" content=\"image\/jpeg\" \/>\n<meta name=\"twitter:card\" content=\"summary_large_image\" \/>\n<meta name=\"twitter:label1\" content=\"Gesch\u00e4tzte Lesezeit\" \/>\n\t<meta name=\"twitter:data1\" content=\"1\u00a0Minute\" \/>\n<!-- \/ Yoast SEO plugin. -->","yoast_head_json":{"title":"Startseite - Ontdek Emmen","description":"Entdecken Sie Emmen: wo Ruhe, Weite und Energie zusammenkommen. Genie\u00dfen Sie Natur, Kultur, Festivals und Abenteuer im Herzen von Drenthe.","robots":{"index":"index","follow":"follow","max-snippet":"max-snippet:-1","max-image-preview":"max-image-preview:large","max-video-preview":"max-video-preview:-1"},"canonical":"https:\/\/ontdekemmen.nl\/de\/","og_locale":"de_DE","og_type":"article","og_title":"Startseite - Ontdek Emmen","og_description":"Entdecken Sie Emmen: wo Ruhe, Weite und Energie zusammenkommen. Genie\u00dfen Sie Natur, Kultur, Festivals und Abenteuer im Herzen von Drenthe.","og_url":"https:\/\/ontdekemmen.nl\/de\/","og_site_name":"Ontdek Emmen","article_publisher":"https:\/\/www.facebook.com\/ontdekemmen2\/?locale=nl_NL","article_modified_time":"2026-04-10T07:44:59+00:00","og_image":[{"width":1218,"height":886,"url":"https:\/\/ontdekemmen.nl\/wp-content\/uploads\/2025\/05\/emmen1.jpg","type":"image\/jpeg"}],"twitter_card":"summary_large_image","twitter_misc":{"Gesch\u00e4tzte Lesezeit":"1\u00a0Minute"},"schema":{"@context":"https:\/\/schema.org","@graph":[{"@type":"WebPage","@id":"https:\/\/ontdekemmen.nl\/de\/","url":"https:\/\/ontdekemmen.nl\/de\/","name":"Startseite - Ontdek Emmen","isPartOf":{"@id":"https:\/\/ontdekemmen.nl\/#website"},"primaryImageOfPage":{"@id":"https:\/\/ontdekemmen.nl\/de\/#primaryimage"},"image":{"@id":"https:\/\/ontdekemmen.nl\/de\/#primaryimage"},"thumbnailUrl":"https:\/\/ontdekemmen.nl\/wp-content\/uploads\/2025\/05\/emmen1.jpg","datePublished":"2025-05-08T10:55:58+00:00","dateModified":"2026-04-10T07:44:59+00:00","description":"Entdecken Sie Emmen: wo Ruhe, Weite und Energie zusammenkommen. Genie\u00dfen Sie Natur, Kultur, Festivals und Abenteuer im Herzen von Drenthe.","breadcrumb":{"@id":"https:\/\/ontdekemmen.nl\/de\/#breadcrumb"},"inLanguage":"de","potentialAction":[{"@type":"ReadAction","target":["https:\/\/ontdekemmen.nl\/de\/"]}]},{"@type":"ImageObject","inLanguage":"de","@id":"https:\/\/ontdekemmen.nl\/de\/#primaryimage","url":"https:\/\/ontdekemmen.nl\/wp-content\/uploads\/2025\/05\/emmen1.jpg","contentUrl":"https:\/\/ontdekemmen.nl\/wp-content\/uploads\/2025\/05\/emmen1.jpg","width":1218,"height":886,"caption":"Emmen plein"},{"@type":"BreadcrumbList","@id":"https:\/\/ontdekemmen.nl\/de\/#breadcrumb","itemListElement":[{"@type":"ListItem","position":1,"name":"Home","item":"https:\/\/ontdekemmen.nl\/de\/"},{"@type":"ListItem","position":2,"name":"Startseite"}]},{"@type":"WebSite","@id":"https:\/\/ontdekemmen.nl\/#website","url":"https:\/\/ontdekemmen.nl\/","name":"Ontdek Emmen","description":"","potentialAction":[{"@type":"SearchAction","target":{"@type":"EntryPoint","urlTemplate":"https:\/\/ontdekemmen.nl\/?s={search_term_string}"},"query-input":{"@type":"PropertyValueSpecification","valueRequired":true,"valueName":"search_term_string"}}],"inLanguage":"de"}]}},"_links":{"self":[{"href":"https:\/\/ontdekemmen.nl\/de\/wp-json\/wp\/v2\/pages\/294","targetHints":{"allow":["GET"]}}],"collection":[{"href":"https:\/\/ontdekemmen.nl\/de\/wp-json\/wp\/v2\/pages"}],"about":[{"href":"https:\/\/ontdekemmen.nl\/de\/wp-json\/wp\/v2\/types\/page"}],"author":[{"embeddable":true,"href":"https:\/\/ontdekemmen.nl\/de\/wp-json\/wp\/v2\/users\/1"}],"replies":[{"embeddable":true,"href":"https:\/\/ontdekemmen.nl\/de\/wp-json\/wp\/v2\/comments?post=294"}],"version-history":[{"count":18,"href":"https:\/\/ontdekemmen.nl\/de\/wp-json\/wp\/v2\/pages\/294\/revisions"}],"predecessor-version":[{"id":5300,"href":"https:\/\/ontdekemmen.nl\/de\/wp-json\/wp\/v2\/pages\/294\/revisions\/5300"}],"wp:featuredmedia":[{"embeddable":true,"href":"https:\/\/ontdekemmen.nl\/de\/wp-json\/wp\/v2\/media\/258"}],"wp:attachment":[{"href":"https:\/\/ontdekemmen.nl\/de\/wp-json\/wp\/v2\/media?parent=294"}],"curies":[{"name":"wp","href":"https:\/\/api.w.org\/{rel}","templated":true}]}}